{"id":505,"date":"2022-03-04T17:36:10","date_gmt":"2022-03-04T17:36:10","guid":{"rendered":"https:\/\/kagency.it\/wordpress\/hotelpalazzi\/camere-gabicce-mare-copy\/"},"modified":"2022-03-10T10:17:50","modified_gmt":"2022-03-10T09:17:50","slug":"zimmer-gabicce-mare","status":"publish","type":"page","link":"https:\/\/www.hotelpalazzigabicce.it\/de\/zimmer-gabicce-mare\/","title":{"rendered":"Camere"},"content":{"rendered":"\n    \n    <section class=\"u-align-center u-clearfix u-image u-shading u-section-2\" src=\"\" id=\"banner\" data-image-width=\"2000\" data-image-height=\"800\" style=\"background-image: linear-gradient(0deg, rgba(0, 0, 0, 0.4), rgba(0, 0, 0, 0.4)), url(&quot;https:\/\/www.hotelpalazzigabicce.it\/wp-content\/uploads\/2022\/02\/vista-mare_rid.jpg&quot;);\">\n      <div class=\"u-clearfix u-sheet u-valign-middle u-sheet-1\">\n        <h1 class=\"u-text u-text-default u-title u-text-1\"> ZIMMER<\/h1>\n        <p class=\"u-large-text u-text u-text-default u-text-variant u-text-2\"> DAS VERGN\u00dcGEN, MIT BLICK AUF DAS MEER AUFZUWACHEN <\/p>\n      <\/div>\n    <\/section>\n    <section class=\"u-clearfix u-expanded-width-lg u-expanded-width-xl u-section-3\" id=\"contenutofotosx\">\n      <img decoding=\"async\" src=\"https:\/\/www.hotelpalazzigabicce.it\/wp-content\/uploads\/2022\/02\/sfond-3.png\" alt=\"\" class=\"u-image u-image-default u-image-1\" data-image-width=\"800\" data-image-height=\"800\">\n      <div class=\"u-clearfix u-expanded-width-xs u-gutter-30 u-layout-wrap u-layout-wrap-1\">\n        <div class=\"u-layout\">\n          <div class=\"u-layout-row\">\n            <div class=\"u-container-style u-layout-cell u-left-cell u-size-30 u-layout-cell-1\">\n              <div class=\"u-container-layout\">\n                <div class=\"u-palette-1-light-2 u-shape u-shape-rectangle u-shape-1\"><\/div>\n                <img decoding=\"async\" src=\"https:\/\/www.hotelpalazzigabicce.it\/wp-content\/uploads\/2022\/02\/camera-fronte-mare.jpg\" alt=\"\" class=\"u-image u-image-default u-image-2\" data-image-width=\"533\" data-image-height=\"800\">\n                <img decoding=\"async\" src=\"https:\/\/www.hotelpalazzigabicce.it\/wp-content\/uploads\/2022\/02\/camera-aria-condizionata.jpg\" alt=\"\" class=\"u-image u-image-default u-image-3\" data-image-width=\"400\" data-image-height=\"393\">\n              <\/div>\n            <\/div>\n            <div class=\"u-container-style u-layout-cell u-right-cell u-size-30 u-layout-cell-2\">\n              <div class=\"u-container-layout u-container-layout-2\">\n                <h1 class=\"u-align-left u-text u-text-palette-5-base u-text-1\"> ZIMMER<\/h1>\n                <p class=\"u-align-right u-custom-font u-text u-text-palette-3-base u-text-2\" data-animation-name=\"lightSpeedIn\" data-animation-duration=\"1000\" data-animation-delay=\"0\" data-animation-direction=\"\"> mit Aussicht<\/p>\n                <p class=\"u-align-left u-text u-text-3\"> Entscheiden Sie sich f\u00fcr einen Urlaub im Hotel Palazzi und entdecken Sie, dass Sie sich in der exklusivsten Ferienanlage befinden, mit einer atemberaubenden Aussicht in alle Richtungen. <br>Die Zimmer verteilen sich auf drei Etagen und von jedem <b>Balkon hat man einen Blick auf den feinen Sandstrand<\/b>.<br>\n                  <br>Alle Zimmer verf\u00fcgen \u00fcber <b>Klimaanlagen <\/b>und Deckenventilatoren, aber Sie werden \u00fcberrascht sein, dass die Brise, die von <b>Monte San Bartolo<\/b> herabweht, ausreicht, um die Sommerabende zu k\u00fchlen.<br>\n                <\/p>\n              <\/div>\n            <\/div>\n          <\/div>\n        <\/div>\n      <\/div>\n    <\/section>\n    <section class=\"u-clearfix u-section-4\" id=\"testodx\">\n      <div class=\"u-clearfix u-sheet u-valign-middle-lg u-valign-middle-md u-valign-middle-xl u-sheet-1\">\n        <div class=\"u-clearfix u-expanded-width u-layout-wrap u-layout-wrap-1\">\n          <div class=\"u-layout\">\n            <div class=\"u-layout-row\">\n              <div class=\"u-align-center-lg u-align-center-md u-align-center-sm u-align-center-xl u-container-style u-layout-cell u-left-cell u-palette-4-light-2 u-size-30 u-layout-cell-1\" src=\"\">\n                <div class=\"u-container-layout u-valign-middle u-container-layout-1\">\n                  <img decoding=\"async\" class=\"u-border-no-bottom u-border-no-left u-border-no-right u-border-no-top u-expanded-width-md u-expanded-width-sm u-expanded-width-xs u-image u-image-1\" src=\"https:\/\/www.hotelpalazzigabicce.it\/wp-content\/uploads\/2022\/02\/camera-matrimoniale.jpg\" data-image-width=\"400\" data-image-height=\"415\">\n                <\/div>\n              <\/div>\n              <div class=\"u-align-left-lg u-align-left-md u-align-left-sm u-align-left-xl u-container-style u-layout-cell u-right-cell u-size-30 u-layout-cell-2\">\n                <div class=\"u-container-layout u-valign-bottom-lg u-valign-top-md u-valign-top-sm u-container-layout-2\">\n                  <h1 class=\"u-align-center-xs u-text u-text-palette-5-base u-text-1\"> ZIMMER<\/h1>\n                  <p class=\"u-align-left-xs u-custom-font u-text u-text-default u-text-palette-3-base u-text-2\" data-animation-name=\"lightSpeedIn\" data-animation-duration=\"1000\" data-animation-delay=\"0\" data-animation-direction=\"\"> Einladend und praktisch<\/p>\n                  <p class=\"u-align-left-xs u-text u-text-3\"> Unsere 42 Zimmer haben einen<b> einfachen, komfortablen Stil<\/b> und sind mit allen grundlegenden Annehmlichkeiten f\u00fcr einen ruhigen <b>entspannenden Urlaub<\/b> mit Ihrer <b>Familie<\/b>, allein oder mit <b>Freunden<\/b>.&nbsp;<br>ausgestattet. <br>Die W\u00e4nde sind mit originellen Motiven verziert und die Farben wurden aus bestimmten Gr\u00fcnden gew\u00e4hlt. <br>Das Blau steht f\u00fcr die <b>Adria <\/b>und das Gr\u00fcn f\u00fcr die Natur des <b>Monte San Bartolo Parks<\/b>. <br>Der Pfirsich f\u00f6rdert die Entspannung und hilft, negative Gedanken zu vertreiben, w\u00e4hrend das Violett eine Kombination aus Erde (rot) und Himmel (blau) darstellt, genau wie <b>Gabicce Mare, die Perle der Adria<\/b>.\n                  <\/p>\n                <\/div>\n              <\/div>\n            <\/div>\n          <\/div>\n        <\/div>\n      <\/div>\n    <\/section>\n    <section class=\"u-clearfix u-section-5\" id=\"testosx-1\">\n      <div class=\"u-clearfix u-sheet u-valign-middle-lg u-valign-middle-md u-valign-middle-xl u-sheet-1\">\n        <div class=\"u-clearfix u-expanded-width u-gutter-12 u-layout-wrap u-layout-wrap-1\">\n          <div class=\"u-layout\">\n            <div class=\"u-layout-row\">\n              <div class=\"u-container-style u-layout-cell u-left-cell u-palette-4-light-2 u-size-30 u-layout-cell-1\" src=\"\">\n                <div class=\"u-container-layout u-valign-middle-lg u-valign-top-sm u-valign-top-xs u-container-layout-1\">\n                  <img decoding=\"async\" class=\"u-border-no-bottom u-border-no-left u-border-no-right u-border-no-top u-expanded-width-md u-expanded-width-sm u-expanded-width-xs u-image u-image-1\" src=\"https:\/\/www.hotelpalazzigabicce.it\/wp-content\/uploads\/2022\/02\/camera-per-famiglia.jpg\" data-image-width=\"409\" data-image-height=\"400\">\n                <\/div>\n              <\/div>\n              <div class=\"u-align-left u-container-style u-layout-cell u-right-cell u-size-30 u-layout-cell-2\">\n                <div class=\"u-container-layout u-valign-bottom-lg u-valign-top-md u-valign-top-sm u-container-layout-2\">\n                  <h1 class=\"u-text u-text-palette-5-base u-text-1\"> ZIMMER<\/h1>\n                  <p class=\"u-custom-font u-text u-text-default u-text-palette-3-base u-text-2\" data-animation-name=\"lightSpeedIn\" data-animation-duration=\"1000\" data-animation-delay=\"0\" data-animation-direction=\"\"> F\u00fcr Familien<\/p>\n                  <p class=\"u-text u-text-3\"> F\u00fcr gr\u00f6\u00dfere <b>Familien <\/b>oder <b>Gruppen von Freunden<\/b>, empfehlen wir die 2 <b>angrenzenden Zimmer<\/b> im ersten Stock. <br>Diese beiden Zimmer k\u00f6nnen bequem bis zu f\u00fcnf Personen beherbergen, haben zwei <b>Balkone mit Meerblick<\/b> und jedes Zimmer hat ein eigenes Bad, das den G\u00e4sten mehr Privatsph\u00e4re bietet.\n                  <\/p>\n                <\/div>\n              <\/div>\n            <\/div>\n          <\/div>\n        <\/div>\n      <\/div>\n    <\/section>\n    <section class=\"my_hide u-clearfix u-section-6\" id=\"sec-229f\">\n      <div class=\"u-clearfix u-sheet u-valign-middle u-sheet-1\">\n        <div class=\"u-custom-php u-expanded-width u-custom-php-1\" ><\/div>\r\n<\/div>\r\n<\/section>\r\n\r\n                  <section class=\"u-clearfix my-u-section-4\" id=\"bloccoofferte\">\r\n            <img decoding=\"async\" src=\"https:\/\/www.hotelpalazzigabicce.it\/wp-content\/themes\/hotelpalazzi\/images\/sfond.png\" alt=\"\" class=\"u-flip-horizontal u-image u-image-default u-image-1\" data-image-width=\"800\" data-image-height=\"800\">\r\n            <h1 class=\"u-align-center u-text u-text-palette-5-base u-text-1\">SONDERANGEBOTE<\/h1>\r\n            <p  style=\"text-transform:lowercase; font-family:'Shadows Into Light' !important; \" class=\"u-align-center-lg u-align-center-md u-align-center-xl u-align-center-xs u-custom-font u-text u-text-palette-3-base u-text-2\" data-animation-name=\"lightSpeedIn\" data-animation-duration=\"1000\" data-animation-delay=\"0\" data-animation-direction=\"\">URLAUB ZUM BESTEN PREIS<\/p> <!-- vacanze al miglior prezzo -->\r\n            <div class=\"u-clearfix u-gutter-10 u-layout-wrap u-layout-wrap-1\">\r\n              <div class=\"u-layout\">\r\n                <div class=\"u-layout-row\">\r\n                        <div style=\"background-image: linear-gradient(0deg, rgba(0,0,0,0.25), rgba(0,0,0,0.25)), url('https:\/\/www.hotelpalazzigabicce.it\/wp-content\/uploads\/2022\/02\/2397130765-0.jpeg');\" class=\"u-align-left u-container-style u-image u-layout-cell u-left-cell u-shading u-size-20 u-size-20-md u-image-2\" src=\"\" data-image-width=\"1500\" data-image-height=\"1000\">\r\n                <div class=\"u-container-layout u-valign-top-md u-valign-top-sm u-valign-top-xs u-container-layout-1\" src=\"\">\r\n                  <h5 class=\"u-align-left u-custom-font u-res-move-started u-text u-text-body-alt-color u-text-font u-text-3\">&#8222;FAMILIENURLAUB&#8220; ANGEBOT                    <br>\r\n                  <\/h5>\r\n                  <h2 class=\"u-align-left-lg u-align-left-xl u-subtitle u-text u-text-4\" style='font-family: \"Shadows Into Light'\" >                    <br>\r\n                  <\/h2>\r\n                                    <a href=\"https:\/\/www.hotelpalazzigabicce.it\/de\/angebote\/angebot-familienurlaub\/\"  title=\"&#8222;FAMILIENURLAUB&#8220; ANGEBOT\" class=\"u-align-left-lg u-align-left-xl u-btn u-button-style u-btn-1\">SIE ENTDECKEN<\/a>\r\n                <\/div>\r\n              <\/div>\r\n                        <div style=\"background-image: linear-gradient(0deg, rgba(0,0,0,0.25), rgba(0,0,0,0.25)), url('https:\/\/www.hotelpalazzigabicce.it\/wp-content\/uploads\/2022\/02\/genitori-single.jpg');\" class=\"u-align-left u-container-style u-image u-layout-cell u-left-cell u-shading u-size-20 u-size-20-md u-image-2\" src=\"\" data-image-width=\"1500\" data-image-height=\"1000\">\r\n                <div class=\"u-container-layout u-valign-top-md u-valign-top-sm u-valign-top-xs u-container-layout-1\" src=\"\">\r\n                  <h5 class=\"u-align-left u-custom-font u-res-move-started u-text u-text-body-alt-color u-text-font u-text-3\">ANGEBOT \u201eNUR DU UND DIE KINDER\u201c                    <br>\r\n                  <\/h5>\r\n                  <h2 class=\"u-align-left-lg u-align-left-xl u-subtitle u-text u-text-4\" style='font-family: \"Shadows Into Light'\" >Angebot f\u00fcr Alleinerziehende und Gro\u00dfeltern mit Enkeln                    <br>\r\n                  <\/h2>\r\n                                    <a href=\"https:\/\/www.hotelpalazzigabicce.it\/de\/angebote\/du-und-die-kinder\/\"  title=\"ANGEBOT \u201eNUR DU UND DIE KINDER\u201c\" class=\"u-align-left-lg u-align-left-xl u-btn u-button-style u-btn-1\">SIE ENTDECKEN<\/a>\r\n                <\/div>\r\n              <\/div>\r\n                        <div style=\"background-image: linear-gradient(0deg, rgba(0,0,0,0.25), rgba(0,0,0,0.25)), url('https:\/\/www.hotelpalazzigabicce.it\/wp-content\/uploads\/2022\/03\/unnamed.jpg');\" class=\"u-align-left u-container-style u-image u-layout-cell u-left-cell u-shading u-size-20 u-size-20-md u-image-2\" src=\"\" data-image-width=\"1500\" data-image-height=\"1000\">\r\n                <div class=\"u-container-layout u-valign-top-md u-valign-top-sm u-valign-top-xs u-container-layout-1\" src=\"\">\r\n                  <h5 class=\"u-align-left u-custom-font u-res-move-started u-text u-text-body-alt-color u-text-font u-text-3\">OFFERTA SENIOR OVER 65                    <br>\r\n                  <\/h5>\r\n                  <h2 class=\"u-align-left-lg u-align-left-xl u-subtitle u-text u-text-4\" style='font-family: \"Shadows Into Light'\" >                    <br>\r\n                  <\/h2>\r\n                                    <a href=\"https:\/\/www.hotelpalazzigabicce.it\/de\/angebote\/offerta-pacchetto-over-2\/\"  title=\"OFFERTA SENIOR OVER 65\" class=\"u-align-left-lg u-align-left-xl u-btn u-button-style u-btn-1\">SIE ENTDECKEN<\/a>\r\n                <\/div>\r\n              <\/div>\r\n                          <\/div>\r\n              <\/div>\r\n            <\/div>\r\n            \r\n                        \r\n            <!-- 243 italiano - 418 inglese - 454 francese - 491 tedesco -->\r\n                        <a href=\"https:\/\/www.hotelpalazzigabicce.it\/en\/offers-list\/\" class=\"u-active-none u-border-2 u-border-active-palette-1-base u-border-hover-palette-5-base u-border-palette-1-base u-btn u-btn-rectangle u-button-style u-hover-none u-none u-btn-4\">ENTDECKEN SIE UNSERE SONDERANGEBOTE<\/a>\r\n          <\/section>\r\n          \r\n<section>\r\n  <div>\r\n    <div>\r\n<\/div>\n      <\/div>\n    <\/section>\n    <section class=\"u-clearfix u-section-7\" id=\"carousel_bcdf\">\n      <div class=\"u-clearfix u-sheet u-valign-middle u-sheet-1\">\n        <div class=\"u-custom-php u-expanded-width u-custom-php-1\" ><div id=\"form\"><\/div>\n<section class=\"u-align-left u-clearfix u-valign-bottom offerte\" id=\"sec-af3c\">\n  <h1 class=\"u-align-center u-text u-text-1\">KONTAKTIERE UNS<\/h1>\n  <p class=\"sottotitolo_corsivo u-align-center u-custom-font u-text u-text-palette-3-base u-text-2\" data-animation-name=\"lightSpeedIn\" data-animation-duration=\"1000\" data-animation-delay=\"0\" data-animation-direction=\"\"><\/p>\n  \n  <div class=\"u-clearfix u-gutter-10 u-layout-wrap u-layout-wrap-1\">\n    <div class=\"u-layout\">\n      <div class=\"u-layout-col\">\n        <div class=\"u-size-60\">\n          <div class=\"u-layout-row\">\n            <div class=\"u-align-left u-container-style u-layout-cell u-left-cell u-right-cell u-size-60 u-layout-cell-1\">\n              <div class=\"u-container-layout u-valign-top u-container-layout-1\">\n                \n                <!-- Container per il widget Scidoo -->\n                <div id=\"scidoo-form-container\"><\/div>\n                \n                                \n                <!-- Widget Scidoo per form contatti -->\n                 <script type=\"text\/javascript\" \n                  src=\"https:\/\/www.scidoo.com\/widget_contatti\/include_widget_contatti.js\" \n                  data-codice=\"1729\"\n                  data-lang=\"4\"\n                  data-tipologia-richiesta=\"0\"\n                  data-struttura=\"-1\"\n                  data-luogo=\"0\"\n                  data-container=\"scidoo-form-container\"\n                  data-testo-struttura=\"\"\n                  data-provenienza=\"0\"\n                  \n                  data-nota-preventivo=\"\"\n                  data-settore-specifico=\"0\"\n                  data-campi-obbligatori=\"1,2\">\n                <\/script>\n\n              <\/div>\n            <\/div>\n          <\/div>\n        <\/div>\n      <\/div>\n    <\/div>\n  <\/div>\n\n  <br>\n\n  <div class=\"u-expanded-width-lg u-expanded-width-md u-expanded-width-xl u-expanded-width-xs u-grey-light-2 u-map u-map-1\">\n    <div class=\"embed-responsive\">\n      <iframe class=\"embed-responsive-item\" src=\"https:\/\/www.google.com\/maps\/embed?pb=!1m14!1m8!1m3!1d1707.5350788151936!2d12.762047196101207!3d43.96515255874641!3m2!1i1024!2i768!4f13.1!3m3!1m2!1s0x0%3A0x64bf0278be2b6d4c!2sHotel%20Palazzi%20Gabicce%20Mare!5e0!3m2!1sit!2sit!4v1586332250418!5m2!1sit!2sit\"><\/iframe>\n    <\/div>\n  <\/div>\n  \n  <style>\n    #div_widget_contatti {\n      max-width: 100% !important;\n    }\n  <\/style>\n<\/section>\n<\/div>\n      <\/div>\n    <\/section>\n    \n    \n  \n","protected":false},"excerpt":{"rendered":"<p>ZIMMER DAS VERGN\u00dcGEN, MIT BLICK AUF DAS MEER AUFZUWACHEN ZIMMER mit Aussicht Entscheiden Sie sich f\u00fcr einen Urlaub im Hotel Palazzi und entdecken Sie, dass Sie sich in der exklusivsten Ferienanlage befinden, mit einer atemberaubenden Aussicht in alle Richtungen. Die Zimmer verteilen sich auf drei Etagen und von jedem Balkon hat man einen Blick auf<a class=\"moretag\" href=\"https:\/\/www.hotelpalazzigabicce.it\/de\/angebote\/offerta-pacchetto-over-2\/\"> Leggi<\/a><\/p>\n","protected":false},"author":1,"featured_media":0,"parent":0,"menu_order":11,"comment_status":"closed","ping_status":"closed","template":"","meta":{"_acf_changed":false,"_monsterinsights_skip_tracking":false,"_monsterinsights_sitenote_active":false,"_monsterinsights_sitenote_note":"","_monsterinsights_sitenote_category":0,"footnotes":""},"class_list":["post-505","page","type-page","status-publish","hentry"],"acf":[],"_links":{"self":[{"href":"https:\/\/www.hotelpalazzigabicce.it\/de\/wp-json\/wp\/v2\/pages\/505","targetHints":{"allow":["GET"]}}],"collection":[{"href":"https:\/\/www.hotelpalazzigabicce.it\/de\/wp-json\/wp\/v2\/pages"}],"about":[{"href":"https:\/\/www.hotelpalazzigabicce.it\/de\/wp-json\/wp\/v2\/types\/page"}],"author":[{"embeddable":true,"href":"https:\/\/www.hotelpalazzigabicce.it\/de\/wp-json\/wp\/v2\/users\/1"}],"replies":[{"embeddable":true,"href":"https:\/\/www.hotelpalazzigabicce.it\/de\/wp-json\/wp\/v2\/comments?post=505"}],"version-history":[{"count":2,"href":"https:\/\/www.hotelpalazzigabicce.it\/de\/wp-json\/wp\/v2\/pages\/505\/revisions"}],"predecessor-version":[{"id":521,"href":"https:\/\/www.hotelpalazzigabicce.it\/de\/wp-json\/wp\/v2\/pages\/505\/revisions\/521"}],"wp:attachment":[{"href":"https:\/\/www.hotelpalazzigabicce.it\/de\/wp-json\/wp\/v2\/media?parent=505"}],"curies":[{"name":"wp","href":"https:\/\/api.w.org\/{rel}","templated":true}]}}