{"id":515,"date":"2022-03-04T17:39:22","date_gmt":"2022-03-04T17:39:22","guid":{"rendered":"https:\/\/kagency.it\/wordpress\/hotelpalazzi\/ristorante-copy\/"},"modified":"2023-02-16T15:37:35","modified_gmt":"2023-02-16T14:37:35","slug":"restaurant","status":"publish","type":"page","link":"https:\/\/www.hotelpalazzigabicce.it\/de\/restaurant\/","title":{"rendered":"Ristorante"},"content":{"rendered":"\n    \n    <section class=\"u-align-center u-clearfix u-uploaded-video u-video u-section-2\" src=\"\" id=\"sec-aa62\">\n      <div class=\"u-background-video u-expanded\" style=\"\">\n        <div class=\"embed-responsive\">\n          <video class=\"embed-responsive-item\" data-autoplay=\"1\" loop=\"\" muted=\"\" autoplay=\"autoplay\" playsinline=\"\">\n            <source src=\"https:\/\/www.hotelpalazzigabicce.it\/wp-content\/uploads\/2022\/03\/ristorante_banner.mp4\" type=\"video\/mp4\">\n            <p>Your browser does not support HTML5 video.<\/p>\n          <\/video>\n        <\/div>\n      <\/div>\n      <div class=\"u-align-left u-clearfix u-sheet u-sheet-1\"><\/div>\n    <\/section>\n    <section class=\"u-clearfix u-expanded-width-lg u-expanded-width-xl u-section-3\" id=\"contenutofotosx\">\n      <img decoding=\"async\" src=\"https:\/\/www.hotelpalazzigabicce.it\/wp-content\/uploads\/2022\/02\/sfond-3.png\" alt=\"\" class=\"u-image u-image-default u-image-1\" data-image-width=\"800\" data-image-height=\"800\">\n      <div class=\"u-clearfix u-expanded-width-xs u-gutter-30 u-layout-wrap u-layout-wrap-1\">\n        <div class=\"u-layout\">\n          <div class=\"u-layout-row\">\n            <div class=\"u-container-style u-layout-cell u-left-cell u-size-30 u-layout-cell-1\">\n              <div class=\"u-container-layout\">\n                <div class=\"u-palette-1-light-2 u-shape u-shape-rectangle u-shape-1\"><\/div>\n                <img decoding=\"async\" src=\"https:\/\/www.hotelpalazzigabicce.it\/wp-content\/uploads\/2022\/03\/spaghetti-scoglio.jpg\" alt=\"\" class=\"u-image u-image-default u-image-2\" data-image-width=\"2560\" data-image-height=\"1701\">\n                <img decoding=\"async\" src=\"https:\/\/www.hotelpalazzigabicce.it\/wp-content\/uploads\/2022\/03\/cucina-tipica-locale.jpg\" alt=\"\" class=\"u-image u-image-default u-image-3\" data-image-width=\"400\" data-image-height=\"378\">\n              <\/div>\n            <\/div>\n            <div class=\"u-container-style u-layout-cell u-right-cell u-size-30 u-layout-cell-2\">\n              <div class=\"u-container-layout u-container-layout-2\">\n                <h1 class=\"u-align-left u-text u-text-palette-5-base u-text-1\">RESTAURANT<\/h1>\n                <p class=\"u-align-right u-custom-font u-text u-text-palette-3-base u-text-2\" data-animation-name=\"lightSpeedIn\" data-animation-duration=\"1000\" data-animation-delay=\"0\" data-animation-direction=\"\"> Die D\u00fcfte des\nMeeres und die Aromen der Landschaften<\/p>\n                <p class=\"u-align-left u-text u-text-3\"> W\u00e4hrend Ihres Urlaubs im Hotel Palazzi werden Sie die k\u00f6stlichen, <b>herzhaften Gerichte<\/b> genie\u00dfen, die vom Chefkoch Oriano pers\u00f6nlich zubereitet werden. <br>Wir bieten jeden Tag eine Vielzahl verschiedener Gerichte an, darunter <b>Fisch <\/b>zum Mittag- und Abendessen. Alles wird mit gesunden, nat\u00fcrlichen Zutaten und einer Prise Kreativit\u00e4t und Fantasie zubereitet. <br>Zum Mittag- und Abendessen bereiten wir ein <b>Buffet <\/b>mit frischen, schmackhaften <b>Gem\u00fcsegerichten <\/b>und <b>Vorspeisen <\/b>zu, das w\u00e4hrend der Mahlzeit regelm\u00e4\u00dfig aufgef\u00fcllt wird. <br>Dank unseres eleganten Tafelservices k\u00f6nnen Sie Ihre Mahlzeiten bequem im Sitzen genie\u00dfen und in unserer Weinkarte st\u00f6bern, um die perfekte Begleitung auszuw\u00e4hlen.<br>\n                <\/p>\n              <\/div>\n            <\/div>\n          <\/div>\n        <\/div>\n      <\/div>\n    <\/section>\n    <section class=\"u-clearfix u-section-4\" id=\"testodx\">\n      <div class=\"u-clearfix u-sheet u-valign-middle-lg u-valign-middle-md u-valign-middle-xl u-sheet-1\">\n        <div class=\"u-clearfix u-expanded-width u-layout-wrap u-layout-wrap-1\">\n          <div class=\"u-layout\">\n            <div class=\"u-layout-row\">\n              <div class=\"u-align-center-lg u-align-center-md u-align-center-sm u-align-center-xl u-container-style u-layout-cell u-left-cell u-palette-4-light-2 u-size-30 u-layout-cell-1\" src=\"\">\n                <div class=\"u-container-layout u-valign-middle u-container-layout-1\">\n                  <img decoding=\"async\" class=\"u-border-no-bottom u-border-no-left u-border-no-right u-border-no-top u-expanded-width-md u-expanded-width-sm u-expanded-width-xs u-image u-image-1\" src=\"https:\/\/www.hotelpalazzigabicce.it\/wp-content\/uploads\/2023\/02\/LOR03702-scaled.jpg\" data-image-width=\"2560\" data-image-height=\"1707\">\n                <\/div>\n              <\/div>\n              <div class=\"u-align-left-lg u-align-left-md u-align-left-sm u-align-left-xl u-container-style u-layout-cell u-right-cell u-size-30 u-layout-cell-2\">\n                <div class=\"u-container-layout u-valign-bottom-lg u-valign-top-md u-valign-top-sm u-container-layout-2\">\n                  <h1 class=\"u-align-center-xs u-text u-text-palette-5-base u-text-1\">TRADITIONELLE ABENDE<\/h1>\n                  <p class=\"u-custom-font u-text u-text-default u-text-palette-3-base u-text-2\" data-animation-name=\"lightSpeedIn\" data-animation-duration=\"1000\" data-animation-delay=\"0\" data-animation-direction=\"\"> Verkostung lokaler Produkte<\/p>\n                  <p class=\"u-align-left-xs u-text u-text-3\"> Um Ihnen die besten lokalen K\u00f6stlichkeiten zu bieten, organisiert das Hotel Palazzi jede Woche einen Abend mit <b>typischen Gerichten aus der Romagna und den Marken<\/b>, sowie ein <b>Abendessen mit gegrilltem<\/b> Fisch mit dem Bademeister. <br>\n                    <br>Bei uns finden Sie immer frische, unverf\u00e4lschte Produkte, Vielfalt und viel Leidenschaft.\n                  <\/p>\n                <\/div>\n              <\/div>\n            <\/div>\n          <\/div>\n        <\/div>\n      <\/div>\n    <\/section>\n    <section class=\"u-clearfix u-section-5\" id=\"testosx-1\">\n      <div class=\"u-clearfix u-sheet u-valign-middle-lg u-valign-middle-md u-valign-middle-xl u-sheet-1\">\n        <div class=\"u-clearfix u-expanded-width u-gutter-12 u-layout-wrap u-layout-wrap-1\">\n          <div class=\"u-layout\">\n            <div class=\"u-layout-row\">\n              <div class=\"u-container-style u-layout-cell u-left-cell u-palette-4-light-2 u-size-30 u-layout-cell-1\" src=\"\">\n                <div class=\"u-container-layout u-valign-middle-lg u-valign-top-sm u-valign-top-xs u-container-layout-1\">\n                  <img decoding=\"async\" class=\"u-border-no-bottom u-border-no-left u-border-no-right u-border-no-top u-expanded-width-md u-expanded-width-sm u-expanded-width-xs u-image u-image-1\" src=\"https:\/\/www.hotelpalazzigabicce.it\/wp-content\/uploads\/2022\/03\/gluten-free.jpg\" data-image-width=\"1076\" data-image-height=\"716\">\n                <\/div>\n              <\/div>\n              <div class=\"u-align-left u-container-style u-layout-cell u-right-cell u-size-30 u-layout-cell-2\">\n                <div class=\"u-container-layout u-valign-bottom-lg u-valign-top-md u-valign-top-sm u-container-layout-2\">\n                  <h1 class=\"u-text u-text-palette-5-base u-text-1\">LEBENSMITTELINTOLERANZEN<\/h1>\n                  <p class=\"u-custom-font u-text u-text-default u-text-palette-3-base u-text-2\" data-animation-name=\"lightSpeedIn\" data-animation-duration=\"1000\" data-animation-delay=\"0\" data-animation-direction=\"\"> und Z\u00f6liakie<\/p>\n                  <p class=\"u-text u-text-3\"> Unser Personal steht f\u00fcr individuelle Bed\u00fcrfnisse zur Verf\u00fcgung und ist besonders erfahren in der Zubereitung von <b>GLUTENFREIEN MAHLZEITEN<\/b>.<br>\n                    <br>Wir freuen uns, wenn Sie uns bei der Buchung schriftlich \u00fcber besondere Ern\u00e4hrungsbed\u00fcrfnisse informieren, damit wir Ihren Aufenthalt auf <b>optimal vorbereiten k\u00f6nnen<\/b>. <br>Wir m\u00f6chten auch darauf hinweisen, dass die Struktur nur eine K\u00fcche hat (die nicht als glutenfrei zertifiziert ist), daher besteht immer die M\u00f6glichkeit einer Kreuzkontamination mit Lebensmitteln, die<b> Gluten enthalten<\/b>.\n                  <\/p>\n                <\/div>\n              <\/div>\n            <\/div>\n          <\/div>\n        <\/div>\n      <\/div>\n    <\/section>\n    <section class=\"my_hide u-clearfix u-section-6\" id=\"sec-6d2b\">\n      <div class=\"u-clearfix u-sheet u-valign-middle u-sheet-1\">\n        <div class=\"u-custom-php u-expanded-width u-custom-php-1\" ><\/div>\r\n<\/div>\r\n<\/section>\r\n\r\n                  <section class=\"u-clearfix my-u-section-4\" id=\"bloccoofferte\">\r\n            <img decoding=\"async\" src=\"https:\/\/www.hotelpalazzigabicce.it\/wp-content\/themes\/hotelpalazzi\/images\/sfond.png\" alt=\"\" class=\"u-flip-horizontal u-image u-image-default u-image-1\" data-image-width=\"800\" data-image-height=\"800\">\r\n            <h1 class=\"u-align-center u-text u-text-palette-5-base u-text-1\">SONDERANGEBOTE<\/h1>\r\n            <p  style=\"text-transform:lowercase; font-family:'Shadows Into Light' !important; \" class=\"u-align-center-lg u-align-center-md u-align-center-xl u-align-center-xs u-custom-font u-text u-text-palette-3-base u-text-2\" data-animation-name=\"lightSpeedIn\" data-animation-duration=\"1000\" data-animation-delay=\"0\" data-animation-direction=\"\">URLAUB ZUM BESTEN PREIS<\/p> <!-- vacanze al miglior prezzo -->\r\n            <div class=\"u-clearfix u-gutter-10 u-layout-wrap u-layout-wrap-1\">\r\n              <div class=\"u-layout\">\r\n                <div class=\"u-layout-row\">\r\n                        <div style=\"background-image: linear-gradient(0deg, rgba(0,0,0,0.25), rgba(0,0,0,0.25)), url('https:\/\/www.hotelpalazzigabicce.it\/wp-content\/uploads\/2022\/02\/2397130765-0.jpeg');\" class=\"u-align-left u-container-style u-image u-layout-cell u-left-cell u-shading u-size-20 u-size-20-md u-image-2\" src=\"\" data-image-width=\"1500\" data-image-height=\"1000\">\r\n                <div class=\"u-container-layout u-valign-top-md u-valign-top-sm u-valign-top-xs u-container-layout-1\" src=\"\">\r\n                  <h5 class=\"u-align-left u-custom-font u-res-move-started u-text u-text-body-alt-color u-text-font u-text-3\">&#8222;FAMILIENURLAUB&#8220; ANGEBOT                    <br>\r\n                  <\/h5>\r\n                  <h2 class=\"u-align-left-lg u-align-left-xl u-subtitle u-text u-text-4\" style='font-family: \"Shadows Into Light'\" >                    <br>\r\n                  <\/h2>\r\n                                    <a href=\"https:\/\/www.hotelpalazzigabicce.it\/de\/angebote\/angebot-familienurlaub\/\"  title=\"&#8222;FAMILIENURLAUB&#8220; ANGEBOT\" class=\"u-align-left-lg u-align-left-xl u-btn u-button-style u-btn-1\">SIE ENTDECKEN<\/a>\r\n                <\/div>\r\n              <\/div>\r\n                        <div style=\"background-image: linear-gradient(0deg, rgba(0,0,0,0.25), rgba(0,0,0,0.25)), url('https:\/\/www.hotelpalazzigabicce.it\/wp-content\/uploads\/2022\/02\/genitori-single.jpg');\" class=\"u-align-left u-container-style u-image u-layout-cell u-left-cell u-shading u-size-20 u-size-20-md u-image-2\" src=\"\" data-image-width=\"1500\" data-image-height=\"1000\">\r\n                <div class=\"u-container-layout u-valign-top-md u-valign-top-sm u-valign-top-xs u-container-layout-1\" src=\"\">\r\n                  <h5 class=\"u-align-left u-custom-font u-res-move-started u-text u-text-body-alt-color u-text-font u-text-3\">ANGEBOT \u201eNUR DU UND DIE KINDER\u201c                    <br>\r\n                  <\/h5>\r\n                  <h2 class=\"u-align-left-lg u-align-left-xl u-subtitle u-text u-text-4\" style='font-family: \"Shadows Into Light'\" >Angebot f\u00fcr Alleinerziehende und Gro\u00dfeltern mit Enkeln                    <br>\r\n                  <\/h2>\r\n                                    <a href=\"https:\/\/www.hotelpalazzigabicce.it\/de\/angebote\/du-und-die-kinder\/\"  title=\"ANGEBOT \u201eNUR DU UND DIE KINDER\u201c\" class=\"u-align-left-lg u-align-left-xl u-btn u-button-style u-btn-1\">SIE ENTDECKEN<\/a>\r\n                <\/div>\r\n              <\/div>\r\n                        <div style=\"background-image: linear-gradient(0deg, rgba(0,0,0,0.25), rgba(0,0,0,0.25)), url('https:\/\/www.hotelpalazzigabicce.it\/wp-content\/uploads\/2022\/03\/unnamed.jpg');\" class=\"u-align-left u-container-style u-image u-layout-cell u-left-cell u-shading u-size-20 u-size-20-md u-image-2\" src=\"\" data-image-width=\"1500\" data-image-height=\"1000\">\r\n                <div class=\"u-container-layout u-valign-top-md u-valign-top-sm u-valign-top-xs u-container-layout-1\" src=\"\">\r\n                  <h5 class=\"u-align-left u-custom-font u-res-move-started u-text u-text-body-alt-color u-text-font u-text-3\">OFFERTA SENIOR OVER 65                    <br>\r\n                  <\/h5>\r\n                  <h2 class=\"u-align-left-lg u-align-left-xl u-subtitle u-text u-text-4\" style='font-family: \"Shadows Into Light'\" >                    <br>\r\n                  <\/h2>\r\n                                    <a href=\"https:\/\/www.hotelpalazzigabicce.it\/de\/angebote\/offerta-pacchetto-over-2\/\"  title=\"OFFERTA SENIOR OVER 65\" class=\"u-align-left-lg u-align-left-xl u-btn u-button-style u-btn-1\">SIE ENTDECKEN<\/a>\r\n                <\/div>\r\n              <\/div>\r\n                          <\/div>\r\n              <\/div>\r\n            <\/div>\r\n            \r\n                        \r\n            <!-- 243 italiano - 418 inglese - 454 francese - 491 tedesco -->\r\n                        <a href=\"https:\/\/www.hotelpalazzigabicce.it\/en\/offers-list\/\" class=\"u-active-none u-border-2 u-border-active-palette-1-base u-border-hover-palette-5-base u-border-palette-1-base u-btn u-btn-rectangle u-button-style u-hover-none u-none u-btn-4\">ENTDECKEN SIE UNSERE SONDERANGEBOTE<\/a>\r\n          <\/section>\r\n          \r\n<section>\r\n  <div>\r\n    <div>\r\n<\/div>\n      <\/div>\n    <\/section>\n    <section class=\"u-clearfix u-section-7\" id=\"carousel_ea4e\">\n      <div class=\"u-clearfix u-sheet u-valign-middle u-sheet-1\">\n        <div class=\"u-custom-php u-expanded-width u-custom-php-1\" ><div id=\"form\"><\/div>\n<section class=\"u-align-left u-clearfix u-valign-bottom offerte\" id=\"sec-af3c\">\n  <h1 class=\"u-align-center u-text u-text-1\">KONTAKTIERE UNS<\/h1>\n  <p class=\"sottotitolo_corsivo u-align-center u-custom-font u-text u-text-palette-3-base u-text-2\" data-animation-name=\"lightSpeedIn\" data-animation-duration=\"1000\" data-animation-delay=\"0\" data-animation-direction=\"\"><\/p>\n  \n  <div class=\"u-clearfix u-gutter-10 u-layout-wrap u-layout-wrap-1\">\n    <div class=\"u-layout\">\n      <div class=\"u-layout-col\">\n        <div class=\"u-size-60\">\n          <div class=\"u-layout-row\">\n            <div class=\"u-align-left u-container-style u-layout-cell u-left-cell u-right-cell u-size-60 u-layout-cell-1\">\n              <div class=\"u-container-layout u-valign-top u-container-layout-1\">\n                \n                <!-- Container per il widget Scidoo -->\n                <div id=\"scidoo-form-container\"><\/div>\n                \n                                \n                <!-- Widget Scidoo per form contatti -->\n                 <script type=\"text\/javascript\" \n                  src=\"https:\/\/www.scidoo.com\/widget_contatti\/include_widget_contatti.js\" \n                  data-codice=\"1729\"\n                  data-lang=\"4\"\n                  data-tipologia-richiesta=\"0\"\n                  data-struttura=\"-1\"\n                  data-luogo=\"0\"\n                  data-container=\"scidoo-form-container\"\n                  data-testo-struttura=\"\"\n                  data-provenienza=\"0\"\n                  \n                  data-nota-preventivo=\"\"\n                  data-settore-specifico=\"0\"\n                  data-campi-obbligatori=\"1,2\">\n                <\/script>\n\n              <\/div>\n            <\/div>\n          <\/div>\n        <\/div>\n      <\/div>\n    <\/div>\n  <\/div>\n\n  <br>\n\n  <div class=\"u-expanded-width-lg u-expanded-width-md u-expanded-width-xl u-expanded-width-xs u-grey-light-2 u-map u-map-1\">\n    <div class=\"embed-responsive\">\n      <iframe class=\"embed-responsive-item\" src=\"https:\/\/www.google.com\/maps\/embed?pb=!1m14!1m8!1m3!1d1707.5350788151936!2d12.762047196101207!3d43.96515255874641!3m2!1i1024!2i768!4f13.1!3m3!1m2!1s0x0%3A0x64bf0278be2b6d4c!2sHotel%20Palazzi%20Gabicce%20Mare!5e0!3m2!1sit!2sit!4v1586332250418!5m2!1sit!2sit\"><\/iframe>\n    <\/div>\n  <\/div>\n  \n  <style>\n    #div_widget_contatti {\n      max-width: 100% !important;\n    }\n  <\/style>\n<\/section>\n<\/div>\n      <\/div>\n    <\/section>\n    \n    \n  \n","protected":false},"excerpt":{"rendered":"<p>Your browser does not support HTML5 video. RESTAURANT Die D\u00fcfte des Meeres und die Aromen der Landschaften W\u00e4hrend Ihres Urlaubs im Hotel Palazzi werden Sie die k\u00f6stlichen, herzhaften Gerichte genie\u00dfen, die vom Chefkoch Oriano pers\u00f6nlich zubereitet werden. Wir bieten jeden Tag eine Vielzahl verschiedener Gerichte an, darunter Fisch zum Mittag- und Abendessen. Alles wird mit<a class=\"moretag\" href=\"https:\/\/www.hotelpalazzigabicce.it\/de\/angebote\/offerta-pacchetto-over-2\/\"> Leggi<\/a><\/p>\n","protected":false},"author":1,"featured_media":0,"parent":0,"menu_order":11,"comment_status":"closed","ping_status":"closed","template":"","meta":{"_acf_changed":false,"_monsterinsights_skip_tracking":false,"_monsterinsights_sitenote_active":false,"_monsterinsights_sitenote_note":"","_monsterinsights_sitenote_category":0,"footnotes":""},"class_list":["post-515","page","type-page","status-publish","hentry"],"acf":[],"_links":{"self":[{"href":"https:\/\/www.hotelpalazzigabicce.it\/de\/wp-json\/wp\/v2\/pages\/515","targetHints":{"allow":["GET"]}}],"collection":[{"href":"https:\/\/www.hotelpalazzigabicce.it\/de\/wp-json\/wp\/v2\/pages"}],"about":[{"href":"https:\/\/www.hotelpalazzigabicce.it\/de\/wp-json\/wp\/v2\/types\/page"}],"author":[{"embeddable":true,"href":"https:\/\/www.hotelpalazzigabicce.it\/de\/wp-json\/wp\/v2\/users\/1"}],"replies":[{"embeddable":true,"href":"https:\/\/www.hotelpalazzigabicce.it\/de\/wp-json\/wp\/v2\/comments?post=515"}],"version-history":[{"count":3,"href":"https:\/\/www.hotelpalazzigabicce.it\/de\/wp-json\/wp\/v2\/pages\/515\/revisions"}],"predecessor-version":[{"id":914,"href":"https:\/\/www.hotelpalazzigabicce.it\/de\/wp-json\/wp\/v2\/pages\/515\/revisions\/914"}],"wp:attachment":[{"href":"https:\/\/www.hotelpalazzigabicce.it\/de\/wp-json\/wp\/v2\/media?parent=515"}],"curies":[{"name":"wp","href":"https:\/\/api.w.org\/{rel}","templated":true}]}}