{"id":517,"date":"2022-03-04T17:39:55","date_gmt":"2022-03-04T17:39:55","guid":{"rendered":"https:\/\/kagency.it\/wordpress\/hotelpalazzi\/vacanza-sicura-copy\/"},"modified":"2022-03-10T10:19:00","modified_gmt":"2022-03-10T09:19:00","slug":"urlaubssicher","status":"publish","type":"page","link":"https:\/\/www.hotelpalazzigabicce.it\/de\/urlaubssicher\/","title":{"rendered":"Vacanza sicura"},"content":{"rendered":"\n    \n    <section class=\"u-align-center u-clearfix u-image u-shading u-section-2\" src=\"\" id=\"banner\" data-image-width=\"1899\" data-image-height=\"726\" style=\"background-image: linear-gradient(0deg, rgba(0, 0, 0, 0.4), rgba(0, 0, 0, 0.4)), url(&quot;https:\/\/www.hotelpalazzigabicce.it\/wp-content\/uploads\/2022\/02\/Vacanza-Sicura.jpg&quot;);\">\n      <div class=\"u-clearfix u-sheet u-sheet-1\">\n        <h1 class=\"u-text u-text-default u-title u-text-1\">\n          <span style=\"font-size: 4.5rem;\"> ANTI-COVID-19-MASSNAHMEN<\/span>\n          <span style=\"font-size: 4.5rem;\"><\/span>\n        <\/h1>\n        <p class=\"u-large-text u-text u-text-default u-text-variant u-text-2\"> IHRE SICHERHEIT ist weiterhin unsere Priorit\u00e4t. Lesen Sie unsere Hygiene- und Pr\u00e4ventionsverfahren<\/p>\n      <\/div>\n    <\/section>\n    <section class=\"u-clearfix u-section-3\" id=\"contenutofotosx\">\n      <img decoding=\"async\" src=\"https:\/\/www.hotelpalazzigabicce.it\/wp-content\/uploads\/2022\/02\/sfond-3.png\" alt=\"\" class=\"u-image u-image-default u-image-1\" data-image-width=\"800\" data-image-height=\"800\">\n      <div class=\"u-clearfix u-expanded-width-xs u-gutter-30 u-layout-wrap u-layout-wrap-1\">\n        <div class=\"u-layout\">\n          <div class=\"u-layout-row\">\n            <div class=\"u-container-style u-layout-cell u-left-cell u-size-30 u-layout-cell-1\">\n              <div class=\"u-container-layout u-container-layout-1\">\n                <div class=\"u-palette-1-light-2 u-shape u-shape-rectangle u-shape-1\"><\/div>\n                <img decoding=\"async\" src=\"https:\/\/www.hotelpalazzigabicce.it\/wp-content\/uploads\/2022\/02\/mascherina.jpg\" alt=\"\" class=\"u-image u-image-default u-image-2\" data-image-width=\"512\" data-image-height=\"369\">\n                <img decoding=\"async\" src=\"https:\/\/www.hotelpalazzigabicce.it\/wp-content\/uploads\/2022\/02\/esercizi_tonificarsi_al_mare.jpg\" alt=\"\" class=\"u-image u-image-default u-image-3\" data-image-width=\"750\" data-image-height=\"505\">\n              <\/div>\n            <\/div>\n            <div class=\"u-container-style u-layout-cell u-right-cell u-size-30 u-layout-cell-2\">\n              <div class=\"u-container-layout u-container-layout-2\">\n                <h1 class=\"u-align-left u-text u-text-palette-5-base u-text-1\"> SICHERHEIT IN IHREM URLAUB<\/h1>\n                <p class=\"u-align-left u-text u-text-2\"> Die Zeit ist vergangen, seit das Leben, das wir kannten, durch diese neue \"Realit\u00e4t\" ersetzt wurde, aber die <b>SICHERHEIT <\/b>unserer G\u00e4ste hat weiterhin oberste Priorit\u00e4t. <br>Wir m\u00f6chten, dass Sie sich <b>SELBSTBEWUSST<\/b>, wie zu Hause f\u00fchlen, um sicherzustellen, dass Sie Ihre Sorgen hinter sich lassen und einen <b>ERHOLSAMEN <\/b>Urlaub voller POSITIVEN GEDANKEN genie\u00dfen.<br>\n                  <br>HIER FINDEN SIE DIE SICHERHEITSMASSNAHMEN, DIE IN UNSEREM HOTEL ZUR BEK\u00c4MPFUNG VON V\u00d6GELN ERGRIFFEN WERDEN:<br>\n                <\/p>\n                <ul class=\"u-align-left u-text u-text-3\">\n                  <li> Fortlaufende Schulung des Personals, um die Einhaltung der Regeln von Reinigung und Hygiene zu gew\u00e4hrleisten;<\/li>\n                  <li> Korrekte und st\u00e4ndige Befolgung der beh\u00f6rdlichen Ratschl\u00e4ge zu den Sicherheitsma\u00dfnahmen in allen Bereichen;<br>\n                  <\/li>\n                  <li> Die Gemeinschaftsbereiche, einschlie\u00dflich der Au\u00dfenbereiche, werden nach strengen Protokollen gereinigt und desinfiziert;<br>\n                  <\/li>\n                  <li> Spender mit Handdesinfektionsmitteln befinden sich auf jeder Etage;<\/li>\n                  <li> In allen Bereichen befinden sich Hinweisschilder, die Sie daran erinnern, die Sicherheitsprotokolle zu befolgen und einen Sicherheitsabstand einzuhalten.<br>\n                  <\/li>\n                  <li> Sichere Check-in und Check-out Praktiken sind mit der Option des Online-Check-in \/ out vorhanden. <br>\n                  <\/li>\n                <\/ul>\n                <p class=\"u-align-left u-text u-text-4\"> IN DEN ZIMMERN: SAUBERKEIT und HYGIENE geh\u00f6ren seit jeher zu unseren Priorit\u00e4ten. Um unsere hohen Standards aufrechtzuerhalten, gibt es die folgenden Ma\u00dfnahmen zur Bek\u00e4mpfung von V\u00f6geln:<br>\n                <\/p>\n                <ul class=\"u-align-left u-text u-text-5\">\n                  <li> Unser Personal betritt die Zimmer mit pers\u00f6nlicher Schutzausr\u00fcstung, die bei jedem Zimmerwechsel gewechselt wird;<\/li>\n                  <li> Wir verwenden f\u00fcr jede Oberfl\u00e4che spezielle medizinische Produkte von zertifizierten Unternehmen;<br>\n                  <\/li>\n                  <li> Nach jedem Check-out wird das Zimmer mit einem Wasserstoffperoxid-Zerst\u00e4uber desinfiziert;<br>\n                  <\/li>\n                  <li> Die G\u00e4ste k\u00f6nnen frei entscheiden, ob und wie oft sie den Zimmerreinigungsservice in Anspruch nehmen m\u00f6chten.<\/li>\n                <\/ul>\n              <\/div>\n            <\/div>\n          <\/div>\n        <\/div>\n      <\/div>\n    <\/section>\n    <section class=\"u-clearfix u-section-4\" id=\"testodx\">\n      <div class=\"u-clearfix u-sheet u-sheet-1\">\n        <div class=\"u-clearfix u-expanded-width u-layout-wrap u-layout-wrap-1\">\n          <div class=\"u-layout\">\n            <div class=\"u-layout-row\">\n              <div class=\"u-align-center-lg u-align-center-md u-align-center-sm u-align-center-xl u-container-style u-grey-5 u-layout-cell u-left-cell u-size-30 u-layout-cell-1\" src=\"\">\n                <div class=\"u-container-layout u-valign-middle u-container-layout-1\">\n                  <img decoding=\"async\" class=\"u-border-no-bottom u-border-no-left u-border-no-right u-border-no-top u-expanded-width-md u-expanded-width-sm u-expanded-width-xs u-image u-image-1\" src=\"https:\/\/www.hotelpalazzigabicce.it\/wp-content\/uploads\/2022\/02\/Chef-covid.jpg\" data-image-width=\"800\" data-image-height=\"449\">\n                <\/div>\n              <\/div>\n              <div class=\"u-container-style u-layout-cell u-right-cell u-size-30 u-layout-cell-2\">\n                <div class=\"u-container-layout u-valign-bottom-lg u-valign-top-md u-valign-top-sm u-container-layout-2\">\n                  <h1 class=\"u-align-left u-text u-text-palette-5-base u-text-1\"> RESTAURANT UND STRAND<\/h1>\n                  <p class=\"u-align-right u-custom-font u-text u-text-palette-3-base u-text-2\" data-animation-name=\"lightSpeedIn\" data-animation-duration=\"1000\" data-animation-delay=\"0\" data-animation-direction=\"\"> Reichlich Platz<\/p>\n                  <p class=\"u-align-left u-text u-text-3\"> Unsere Mitarbeiter l\u00e4cheln mit den Augen, so dass Sie trotz ihrer Masken ihre W\u00e4rme und Freundlichkeit sp\u00fcren!<\/p>\n                  <ul class=\"u-align-left u-text u-text-4\">\n                    <li>\n                      <span style=\"font-size: 1.25rem;\">Unser ger\u00e4umiges Restaurant bietet viel Platz zwischen den Tischen (Tische und St\u00fchle werden bei jeder Mahlzeit gereinigt);<\/span>\n                    <\/li>\n                    <li>\n                      <span style=\"font-size: 1.25rem;\"> Wer m\u00f6chte, kann Mahlzeiten zum Mitnehmen anfordern, die bequem auf dem Zimmer verzehrt oder als Lunchpaket mitgenommen werden k\u00f6nnen;<br>\n                      <\/span>\n                    <\/li>\n                    <li>\n                      <span style=\"font-size: 1.25rem;\"> Das gesamte Besteck wird nach jeder Mahlzeit sterilisiert;<br>\n                      <\/span>\n                    <\/li>\n                    <li>\n                      <span style=\"font-size: 1.25rem;\"> Unser beliebtes Buffet wurde erfolgreich beibehalten und mit zus\u00e4tzlichen Sicherheitsma\u00dfnahmen versehen. Die Speisen werden w\u00e4hrend der Mahlzeit st\u00e4ndig nachgef\u00fcllt, die G\u00e4ste bleiben in einem sicheren Abstand und alle Gerichte werden direkt vom Personal serviert, um eine Kontamination zu vermeiden.<\/span>\n                    <\/li>\n                    <li>\n                      <span style=\"font-size: 1.25rem;\"> Der erste Gang, der zweite Gang und das Dessert werden weiterhin am Tisch serviert. Jeden Abend kommt ein Mitarbeiter an Ihren Tisch, um Ihnen die Speisekarte f\u00fcr den n\u00e4chsten Tag zu zeigen und Ihre Bestellung aufzunehmen.<\/span>\n                      <br>\n                    <\/li>\n                  <\/ul>\n                <\/div>\n              <\/div>\n            <\/div>\n          <\/div>\n        <\/div>\n      <\/div>\n    <\/section>\n    <section class=\"u-clearfix u-section-5\" id=\"testosx-1\">\n      <div class=\"u-clearfix u-sheet u-valign-middle-lg u-valign-middle-md u-valign-middle-xl u-sheet-1\">\n        <div class=\"u-clearfix u-expanded-width u-gutter-12 u-layout-wrap u-layout-wrap-1\">\n          <div class=\"u-layout\">\n            <div class=\"u-layout-row\">\n              <div class=\"u-container-style u-grey-5 u-layout-cell u-left-cell u-size-30 u-layout-cell-1\" src=\"\">\n                <div class=\"u-container-layout u-valign-middle-lg u-valign-middle-xl u-valign-top-sm u-valign-top-xs u-container-layout-1\">\n                  <img decoding=\"async\" class=\"u-border-no-bottom u-border-no-left u-border-no-right u-border-no-top u-expanded-width-md u-expanded-width-sm u-expanded-width-xs u-image u-image-1\" src=\"https:\/\/www.hotelpalazzigabicce.it\/wp-content\/uploads\/2022\/02\/ragazzi-in-spiaggia.jpg\" data-image-width=\"800\" data-image-height=\"533\">\n                <\/div>\n              <\/div>\n              <div class=\"u-container-style u-layout-cell u-right-cell u-size-30 u-layout-cell-2\">\n                <div class=\"u-container-layout u-valign-top-md u-valign-top-sm u-container-layout-2\">\n                  <h1 class=\"u-align-left u-text u-text-palette-5-base u-text-1\"> SICHERHEIT<\/h1>\n                  <p class=\"u-align-right u-custom-font u-text u-text-default u-text-palette-3-base u-text-2\" data-animation-name=\"lightSpeedIn\" data-animation-duration=\"1000\" data-animation-delay=\"0\" data-animation-direction=\"\"> f\u00fcr Kinder<\/p>\n                  <p class=\"u-align-left u-text u-text-3\"> Der Strand von Gabicce Mare ist sehr gro\u00df, so dass es kein Problem ist, Sonnenschirme und Liegen zu verteilen... und Sie haben viel Platz!<br>\n                    <br><b> UNTERHALTUNG UND SPIELPL\u00c4TZE<\/b>\n                    <br>\n                    <br> Wir haben ein sch\u00f6nes, ger\u00e4umiges Spielzimmer im Innenbereich und einen <b>Spielbereich <\/b>im <b>Garten<\/b>. eingerichtet. Ein Babysitter steht zur Verf\u00fcgung, um unsere kleinen G\u00e4ste zu unterhalten, wobei die Regeln und das Abstandsgebot stets eingehalten werden. <br>Wir bem\u00fchen uns st\u00e4ndig, neue Wege zu finden, um unsere jungen G\u00e4ste zu erfreuen, die mit den Anforderungen an die Distanzierung \u00fcbereinstimmen (und daf\u00fcr k\u00f6nnen wir die Eltern um Hilfe bitten), aber es fehlt uns sicher nicht an Phantasie und wir finden immer Wege, um gemeinsam Spa\u00df zu haben. <br>Unsere oberste Priorit\u00e4t ist und bleibt es, Ihnen einen <b>ruhigen Aufenthalt zu bieten<\/b> der Sie vom Alltag abschalten und v\u00f6llig entspannen l\u00e4sst. <br>Wir sind hier, um sicherzustellen, dass Sie den Urlaub haben, den Sie verdienen, in kompletter <b>Sicherheit <\/b>und ohne eine Sorge in der Welt!\n                  <\/p>\n                <\/div>\n              <\/div>\n            <\/div>\n          <\/div>\n        <\/div>\n      <\/div>\n    <\/section>\n    <section class=\"my_hide u-clearfix u-section-6\" id=\"sec-6d2b\">\n      <div class=\"u-clearfix u-sheet u-valign-middle u-sheet-1\">\n        <div class=\"u-custom-php u-expanded-width u-custom-php-1\" ><\/div>\r\n<\/div>\r\n<\/section>\r\n\r\n                  <section class=\"u-clearfix my-u-section-4\" id=\"bloccoofferte\">\r\n            <img decoding=\"async\" src=\"https:\/\/www.hotelpalazzigabicce.it\/wp-content\/themes\/hotelpalazzi\/images\/sfond.png\" alt=\"\" class=\"u-flip-horizontal u-image u-image-default u-image-1\" data-image-width=\"800\" data-image-height=\"800\">\r\n            <h1 class=\"u-align-center u-text u-text-palette-5-base u-text-1\">SONDERANGEBOTE<\/h1>\r\n            <p  style=\"text-transform:lowercase; font-family:'Shadows Into Light' !important; \" class=\"u-align-center-lg u-align-center-md u-align-center-xl u-align-center-xs u-custom-font u-text u-text-palette-3-base u-text-2\" data-animation-name=\"lightSpeedIn\" data-animation-duration=\"1000\" data-animation-delay=\"0\" data-animation-direction=\"\">URLAUB ZUM BESTEN PREIS<\/p> <!-- vacanze al miglior prezzo -->\r\n            <div class=\"u-clearfix u-gutter-10 u-layout-wrap u-layout-wrap-1\">\r\n              <div class=\"u-layout\">\r\n                <div class=\"u-layout-row\">\r\n                        <div style=\"background-image: linear-gradient(0deg, rgba(0,0,0,0.25), rgba(0,0,0,0.25)), url('https:\/\/www.hotelpalazzigabicce.it\/wp-content\/uploads\/2022\/02\/2397130765-0.jpeg');\" class=\"u-align-left u-container-style u-image u-layout-cell u-left-cell u-shading u-size-20 u-size-20-md u-image-2\" src=\"\" data-image-width=\"1500\" data-image-height=\"1000\">\r\n                <div class=\"u-container-layout u-valign-top-md u-valign-top-sm u-valign-top-xs u-container-layout-1\" src=\"\">\r\n                  <h5 class=\"u-align-left u-custom-font u-res-move-started u-text u-text-body-alt-color u-text-font u-text-3\">&#8222;FAMILIENURLAUB&#8220; ANGEBOT                    <br>\r\n                  <\/h5>\r\n                  <h2 class=\"u-align-left-lg u-align-left-xl u-subtitle u-text u-text-4\" style='font-family: \"Shadows Into Light'\" >                    <br>\r\n                  <\/h2>\r\n                                    <a href=\"https:\/\/www.hotelpalazzigabicce.it\/de\/angebote\/angebot-familienurlaub\/\"  title=\"&#8222;FAMILIENURLAUB&#8220; ANGEBOT\" class=\"u-align-left-lg u-align-left-xl u-btn u-button-style u-btn-1\">SIE ENTDECKEN<\/a>\r\n                <\/div>\r\n              <\/div>\r\n                        <div style=\"background-image: linear-gradient(0deg, rgba(0,0,0,0.25), rgba(0,0,0,0.25)), url('https:\/\/www.hotelpalazzigabicce.it\/wp-content\/uploads\/2022\/02\/genitori-single.jpg');\" class=\"u-align-left u-container-style u-image u-layout-cell u-left-cell u-shading u-size-20 u-size-20-md u-image-2\" src=\"\" data-image-width=\"1500\" data-image-height=\"1000\">\r\n                <div class=\"u-container-layout u-valign-top-md u-valign-top-sm u-valign-top-xs u-container-layout-1\" src=\"\">\r\n                  <h5 class=\"u-align-left u-custom-font u-res-move-started u-text u-text-body-alt-color u-text-font u-text-3\">ANGEBOT \u201eNUR DU UND DIE KINDER\u201c                    <br>\r\n                  <\/h5>\r\n                  <h2 class=\"u-align-left-lg u-align-left-xl u-subtitle u-text u-text-4\" style='font-family: \"Shadows Into Light'\" >Angebot f\u00fcr Alleinerziehende und Gro\u00dfeltern mit Enkeln                    <br>\r\n                  <\/h2>\r\n                                    <a href=\"https:\/\/www.hotelpalazzigabicce.it\/de\/angebote\/du-und-die-kinder\/\"  title=\"ANGEBOT \u201eNUR DU UND DIE KINDER\u201c\" class=\"u-align-left-lg u-align-left-xl u-btn u-button-style u-btn-1\">SIE ENTDECKEN<\/a>\r\n                <\/div>\r\n              <\/div>\r\n                        <div style=\"background-image: linear-gradient(0deg, rgba(0,0,0,0.25), rgba(0,0,0,0.25)), url('https:\/\/www.hotelpalazzigabicce.it\/wp-content\/uploads\/2022\/03\/unnamed.jpg');\" class=\"u-align-left u-container-style u-image u-layout-cell u-left-cell u-shading u-size-20 u-size-20-md u-image-2\" src=\"\" data-image-width=\"1500\" data-image-height=\"1000\">\r\n                <div class=\"u-container-layout u-valign-top-md u-valign-top-sm u-valign-top-xs u-container-layout-1\" src=\"\">\r\n                  <h5 class=\"u-align-left u-custom-font u-res-move-started u-text u-text-body-alt-color u-text-font u-text-3\">OFFERTA SENIOR OVER 65                    <br>\r\n                  <\/h5>\r\n                  <h2 class=\"u-align-left-lg u-align-left-xl u-subtitle u-text u-text-4\" style='font-family: \"Shadows Into Light'\" >                    <br>\r\n                  <\/h2>\r\n                                    <a href=\"https:\/\/www.hotelpalazzigabicce.it\/de\/angebote\/offerta-pacchetto-over-2\/\"  title=\"OFFERTA SENIOR OVER 65\" class=\"u-align-left-lg u-align-left-xl u-btn u-button-style u-btn-1\">SIE ENTDECKEN<\/a>\r\n                <\/div>\r\n              <\/div>\r\n                          <\/div>\r\n              <\/div>\r\n            <\/div>\r\n            \r\n                        \r\n            <!-- 243 italiano - 418 inglese - 454 francese - 491 tedesco -->\r\n                        <a href=\"https:\/\/www.hotelpalazzigabicce.it\/en\/offers-list\/\" class=\"u-active-none u-border-2 u-border-active-palette-1-base u-border-hover-palette-5-base u-border-palette-1-base u-btn u-btn-rectangle u-button-style u-hover-none u-none u-btn-4\">ENTDECKEN SIE UNSERE SONDERANGEBOTE<\/a>\r\n          <\/section>\r\n          \r\n<section>\r\n  <div>\r\n    <div>\r\n<\/div>\n      <\/div>\n    <\/section>\n    <section class=\"u-clearfix u-section-7\" id=\"carousel_ea4e\">\n      <div class=\"u-clearfix u-sheet u-valign-middle u-sheet-1\">\n        <div class=\"u-custom-php u-expanded-width u-custom-php-1\" ><div id=\"form\"><\/div>\n<section class=\"u-align-left u-clearfix u-valign-bottom offerte\" id=\"sec-af3c\">\n  <h1 class=\"u-align-center u-text u-text-1\">KONTAKTIERE UNS<\/h1>\n  <p class=\"sottotitolo_corsivo u-align-center u-custom-font u-text u-text-palette-3-base u-text-2\" data-animation-name=\"lightSpeedIn\" data-animation-duration=\"1000\" data-animation-delay=\"0\" data-animation-direction=\"\"><\/p>\n  \n  <div class=\"u-clearfix u-gutter-10 u-layout-wrap u-layout-wrap-1\">\n    <div class=\"u-layout\">\n      <div class=\"u-layout-col\">\n        <div class=\"u-size-60\">\n          <div class=\"u-layout-row\">\n            <div class=\"u-align-left u-container-style u-layout-cell u-left-cell u-right-cell u-size-60 u-layout-cell-1\">\n              <div class=\"u-container-layout u-valign-top u-container-layout-1\">\n                \n                <!-- Container per il widget Scidoo -->\n                <div id=\"scidoo-form-container\"><\/div>\n                \n                                \n                <!-- Widget Scidoo per form contatti -->\n                 <script type=\"text\/javascript\" \n                  src=\"https:\/\/www.scidoo.com\/widget_contatti\/include_widget_contatti.js\" \n                  data-codice=\"1729\"\n                  data-lang=\"4\"\n                  data-tipologia-richiesta=\"0\"\n                  data-struttura=\"-1\"\n                  data-luogo=\"0\"\n                  data-container=\"scidoo-form-container\"\n                  data-testo-struttura=\"\"\n                  data-provenienza=\"0\"\n                  \n                  data-nota-preventivo=\"\"\n                  data-settore-specifico=\"0\"\n                  data-campi-obbligatori=\"1,2\">\n                <\/script>\n\n              <\/div>\n            <\/div>\n          <\/div>\n        <\/div>\n      <\/div>\n    <\/div>\n  <\/div>\n\n  <br>\n\n  <div class=\"u-expanded-width-lg u-expanded-width-md u-expanded-width-xl u-expanded-width-xs u-grey-light-2 u-map u-map-1\">\n    <div class=\"embed-responsive\">\n      <iframe class=\"embed-responsive-item\" src=\"https:\/\/www.google.com\/maps\/embed?pb=!1m14!1m8!1m3!1d1707.5350788151936!2d12.762047196101207!3d43.96515255874641!3m2!1i1024!2i768!4f13.1!3m3!1m2!1s0x0%3A0x64bf0278be2b6d4c!2sHotel%20Palazzi%20Gabicce%20Mare!5e0!3m2!1sit!2sit!4v1586332250418!5m2!1sit!2sit\"><\/iframe>\n    <\/div>\n  <\/div>\n  \n  <style>\n    #div_widget_contatti {\n      max-width: 100% !important;\n    }\n  <\/style>\n<\/section>\n<\/div>\n      <\/div>\n    <\/section>\n    \n    \n  \n","protected":false},"excerpt":{"rendered":"<p>ANTI-COVID-19-MASSNAHMEN IHRE SICHERHEIT ist weiterhin unsere Priorit\u00e4t. Lesen Sie unsere Hygiene- und Pr\u00e4ventionsverfahren SICHERHEIT IN IHREM URLAUB Die Zeit ist vergangen, seit das Leben, das wir kannten, durch diese neue &#8222;Realit\u00e4t&#8220; ersetzt wurde, aber die SICHERHEIT unserer G\u00e4ste hat weiterhin oberste Priorit\u00e4t. Wir m\u00f6chten, dass Sie sich SELBSTBEWUSST, wie zu Hause f\u00fchlen, um sicherzustellen, dass<a class=\"moretag\" href=\"https:\/\/www.hotelpalazzigabicce.it\/de\/angebote\/offerta-pacchetto-over-2\/\"> Leggi<\/a><\/p>\n","protected":false},"author":1,"featured_media":0,"parent":0,"menu_order":11,"comment_status":"closed","ping_status":"closed","template":"","meta":{"_acf_changed":false,"_monsterinsights_skip_tracking":false,"_monsterinsights_sitenote_active":false,"_monsterinsights_sitenote_note":"","_monsterinsights_sitenote_category":0,"footnotes":""},"class_list":["post-517","page","type-page","status-publish","hentry"],"acf":[],"_links":{"self":[{"href":"https:\/\/www.hotelpalazzigabicce.it\/de\/wp-json\/wp\/v2\/pages\/517","targetHints":{"allow":["GET"]}}],"collection":[{"href":"https:\/\/www.hotelpalazzigabicce.it\/de\/wp-json\/wp\/v2\/pages"}],"about":[{"href":"https:\/\/www.hotelpalazzigabicce.it\/de\/wp-json\/wp\/v2\/types\/page"}],"author":[{"embeddable":true,"href":"https:\/\/www.hotelpalazzigabicce.it\/de\/wp-json\/wp\/v2\/users\/1"}],"replies":[{"embeddable":true,"href":"https:\/\/www.hotelpalazzigabicce.it\/de\/wp-json\/wp\/v2\/comments?post=517"}],"version-history":[{"count":2,"href":"https:\/\/www.hotelpalazzigabicce.it\/de\/wp-json\/wp\/v2\/pages\/517\/revisions"}],"predecessor-version":[{"id":523,"href":"https:\/\/www.hotelpalazzigabicce.it\/de\/wp-json\/wp\/v2\/pages\/517\/revisions\/523"}],"wp:attachment":[{"href":"https:\/\/www.hotelpalazzigabicce.it\/de\/wp-json\/wp\/v2\/media?parent=517"}],"curies":[{"name":"wp","href":"https:\/\/api.w.org\/{rel}","templated":true}]}}