{"id":477,"date":"2022-03-04T17:37:59","date_gmt":"2022-03-04T17:37:59","guid":{"rendered":"https:\/\/kagency.it\/wordpress\/hotelpalazzi\/hotel-per-famiglie-gabicce-copy\/"},"modified":"2023-02-17T11:04:06","modified_gmt":"2023-02-17T10:04:06","slug":"hotel-familial-gabicce","status":"publish","type":"page","link":"https:\/\/www.hotelpalazzigabicce.it\/fr\/hotel-familial-gabicce\/","title":{"rendered":"Famiglie"},"content":{"rendered":"\n    \n    <section class=\"u-align-center u-clearfix u-uploaded-video u-video u-section-2\" src=\"\" id=\"banner\">\n      <div class=\"u-background-video u-expanded\" style=\"\">\n        <div class=\"embed-responsive\">\n          <video class=\"embed-responsive-item\" data-autoplay=\"1\" loop=\"\" muted=\"\" autoplay=\"autoplay\" playsinline=\"\">\n            <source src=\"https:\/\/www.hotelpalazzigabicce.it\/wp-content\/uploads\/2022\/02\/family_banner.mp4\" type=\"video\/mp4\">\n            <p>Your browser does not support HTML5 video.<\/p>\n          <\/video>\n        <\/div>\n      <\/div>\n      <div class=\"u-align-left u-clearfix u-sheet u-sheet-1\"><\/div>\n    <\/section>\n    <section class=\"u-clearfix u-section-3\" id=\"contenutofotosx\">\n      <img decoding=\"async\" src=\"https:\/\/www.hotelpalazzigabicce.it\/wp-content\/uploads\/2022\/02\/sfond-3.png\" alt=\"\" class=\"u-image u-image-default u-image-1\" data-image-width=\"800\" data-image-height=\"800\">\n      <div class=\"u-clearfix u-expanded-width-xs u-gutter-30 u-layout-wrap u-layout-wrap-1\">\n        <div class=\"u-layout\">\n          <div class=\"u-layout-row\">\n            <div class=\"u-container-style u-layout-cell u-left-cell u-size-30 u-layout-cell-1\">\n              <div class=\"u-container-layout u-container-layout-1\">\n                <div class=\"u-palette-1-light-2 u-shape u-shape-rectangle u-shape-1\"><\/div>\n                <img decoding=\"async\" src=\"https:\/\/www.hotelpalazzigabicce.it\/wp-content\/uploads\/2022\/02\/famiglia-spiaggia.jpg\" alt=\"\" class=\"u-image u-image-default u-image-2\" data-image-width=\"1200\" data-image-height=\"1200\">\n                <img decoding=\"async\" src=\"https:\/\/www.hotelpalazzigabicce.it\/wp-content\/uploads\/2022\/02\/spiaggia-bandiera-blu.jpg\" alt=\"\" class=\"u-image u-image-default u-image-3\" data-image-width=\"430\" data-image-height=\"400\">\n              <\/div>\n            <\/div>\n            <div class=\"u-container-style u-layout-cell u-right-cell u-size-30 u-layout-cell-2\">\n              <div class=\"u-container-layout u-container-layout-2\">\n                <h1 class=\"u-align-left u-text u-text-palette-5-base u-text-1\"> FAMILLES \u00c0 GABICCE MARE<\/h1>\n                <p class=\"u-align-right u-custom-font u-text u-text-palette-3-base u-text-2\" data-animation-name=\"lightSpeedIn\" data-animation-duration=\"1000\" data-animation-delay=\"0\" data-animation-direction=\"\"> Bandiera Blu et Bandiera Verde<\/p>\n                <p class=\"u-align-left u-text u-text-3\"> La baie de <b>Gabicce Mare<\/b> a re\u00e7u en 1987 le label <b>BANDIERA BLU<\/b> (drapeau bleu) pour la qualit\u00e9 et la propret\u00e9 de ses eaux <br>et re\u00e7oit chaque ann\u00e9e depuis six ans la <b>BANDIERA VERDE<\/b> (drapeau vert), label attribu\u00e9 par une commission de 200 p\u00e9diatres r\u00e9compensant ses <b>plages s\u00e9curis\u00e9es<\/b> qui r\u00e9pondent aux besoins des <b>enfants<\/b>. <br>Chers parents, vous pourrez rester rassur\u00e9s!<br>\n                <\/p>\n              <\/div>\n            <\/div>\n          <\/div>\n        <\/div>\n      <\/div>\n    <\/section>\n    <section class=\"u-clearfix u-section-4\" id=\"testodx\">\n      <div class=\"u-clearfix u-sheet u-valign-middle-lg u-valign-middle-md u-valign-middle-xl u-sheet-1\">\n        <div class=\"u-clearfix u-expanded-width u-layout-wrap u-layout-wrap-1\">\n          <div class=\"u-layout\">\n            <div class=\"u-layout-row\">\n              <div class=\"u-align-center-lg u-align-center-md u-align-center-sm u-align-center-xl u-container-style u-grey-5 u-layout-cell u-left-cell u-size-30 u-layout-cell-1\" src=\"\">\n                <div class=\"u-container-layout u-valign-middle u-container-layout-1\">\n                  <img decoding=\"async\" class=\"u-border-no-bottom u-border-no-left u-border-no-right u-border-no-top u-expanded-width-md u-expanded-width-sm u-expanded-width-xs u-image u-image-1\" src=\"https:\/\/www.hotelpalazzigabicce.it\/wp-content\/uploads\/2023\/01\/pranzobimbi-1152x1536.jpg\" data-image-width=\"1920\" data-image-height=\"2560\">\n                <\/div>\n              <\/div>\n              <div class=\"u-align-left-lg u-align-left-md u-align-left-sm u-align-left-xl u-container-style u-layout-cell u-right-cell u-size-30 u-layout-cell-2\">\n                <div class=\"u-container-layout u-valign-bottom-lg u-valign-top-md u-valign-top-sm u-container-layout-2\">\n                  <h1 class=\"u-align-center-xs u-text u-text-palette-5-base u-text-1\">HOTEL PALAZZI<\/h1>\n                  <p class=\"u-custom-font u-text u-text-palette-3-base u-text-2\" data-animation-name=\"lightSpeedIn\" data-animation-duration=\"1000\" data-animation-delay=\"0\" data-animation-direction=\"\"> nous prenons soin de votre famille<\/p>\n                  <p class=\"u-align-left-xs u-text u-text-3\"> Depuis toujours, et ce avec enthousiasme et professionnalisme. <br>Dans nos <b>chambres spacieuses<\/b> et confortables, vous pourrez demander gratuitement barri\u00e8res de protection pour le lit, baignoires pour b\u00e9b\u00e9, tables \u00e0 langer, r\u00e9ducteurs de toilettes et jolies petites lumi\u00e8res pour vos enfants. <br>Dans le <b>restaurant<\/b>, sont \u00e0 votre disposition chaises hautes, sets de table color\u00e9s en plastique et micro-ondes pour r\u00e9chauffer le repas de b\u00e9b\u00e9, le tout accessible \u00e0 des <b>horaires flexibles. <\/b>\n                    <br>Nous pr\u00e9parons chaque jour soupes et pur\u00e9es de l\u00e9gumes frais, et proposons un menu enfant avec les <b>plats <\/b>pr\u00e9f\u00e9r\u00e9s des <b>enfants<\/b>.<br>\n                    <br>Qu\u2019il est beau de f\u00eater un anniversaire en vacances \u00e0 la mer&nbsp;!<br>Le chef Oriano pr\u00e9parera un de ses fabuleux g\u00e2teaux, Elena dressera votre table au restaurant et la f\u00eate pourra commencer. <br>\n                    <br>\n                  <\/p>\n                <\/div>\n              <\/div>\n            <\/div>\n          <\/div>\n        <\/div>\n      <\/div>\n    <\/section>\n    <section class=\"u-clearfix u-section-5\" id=\"testosx-1\">\n      <div class=\"u-clearfix u-sheet u-valign-middle-lg u-valign-middle-md u-valign-middle-xl u-sheet-1\">\n        <div class=\"u-clearfix u-expanded-width u-gutter-12 u-layout-wrap u-layout-wrap-1\">\n          <div class=\"u-layout\">\n            <div class=\"u-layout-row\">\n              <div class=\"u-container-style u-grey-5 u-layout-cell u-left-cell u-size-30 u-layout-cell-1\" src=\"\">\n                <div class=\"u-container-layout u-valign-middle-lg u-valign-top-sm u-valign-top-xs u-container-layout-1\">\n                  <img decoding=\"async\" class=\"u-border-no-bottom u-border-no-left u-border-no-right u-border-no-top u-expanded-width-md u-expanded-width-sm u-expanded-width-xs u-image u-image-1\" src=\"https:\/\/www.hotelpalazzigabicce.it\/wp-content\/uploads\/2022\/02\/area-gioco-bambini.jpg\" data-image-width=\"501\" data-image-height=\"400\">\n                <\/div>\n              <\/div>\n              <div class=\"u-align-left u-container-style u-layout-cell u-right-cell u-size-30 u-layout-cell-2\">\n                <div class=\"u-container-layout u-valign-bottom-lg u-valign-top-md u-valign-top-sm u-container-layout-2\">\n                  <h1 class=\"u-text u-text-palette-5-base u-text-1\"> NOMBREUX ESPACES et services d\u00e9di\u00e9s<\/h1>\n                  <p class=\"u-text u-text-2\"> L'h\u00f4tel dispose de 2 aires de jeux : une salle sur le piano bar enti\u00e8rement d\u00e9di\u00e9e aux enfants et une <span style=\"font-weight: 700;\">aire de jeux ext\u00e9rieure avec<\/span><b>&nbsp;toboggans et jeux adapt\u00e9s \u00e0 une grande tranche d\u2019\u00e2ge allant de 3 \u00e0 10 ans,<\/b> afin que vous vous sentiez libres de d\u00e9guster un bon caf\u00e9 assis sur la \u200bbalan\u00e7oire du jardin comme deux amoureux, pendant que les enfants s\u2019amusent!<br>\n                    <br>Le soir venu, vous aurez le choix entre faire une belle balade avec nos <b>v\u00e9los <\/b>\u00e9quip\u00e9s de si\u00e8ges enfants, ou bien prendre l\u2019une de nos <b>poussettes <\/b>pour une petite promenade tranquille dans le centre.<br>\n                  <\/p>\n                <\/div>\n              <\/div>\n            <\/div>\n          <\/div>\n        <\/div>\n      <\/div>\n    <\/section>\n    <section class=\"my_hide u-clearfix u-section-6\" id=\"sec-6d2b\">\n      <div class=\"u-clearfix u-sheet u-valign-middle u-sheet-1\">\n        <div class=\"u-custom-php u-expanded-width u-custom-php-1\" ><\/div>\r\n<\/div>\r\n<\/section>\r\n\r\n                  <section class=\"u-clearfix my-u-section-4\" id=\"bloccoofferte\">\r\n            <img decoding=\"async\" src=\"https:\/\/www.hotelpalazzigabicce.it\/wp-content\/themes\/hotelpalazzi\/images\/sfond.png\" alt=\"\" class=\"u-flip-horizontal u-image u-image-default u-image-1\" data-image-width=\"800\" data-image-height=\"800\">\r\n            <h1 class=\"u-align-center u-text u-text-palette-5-base u-text-1\">OFFRES SP\u00c9CIALES<\/h1>\r\n            <p  style=\"text-transform:lowercase; font-family:'Shadows Into Light' !important; \" class=\"u-align-center-lg u-align-center-md u-align-center-xl u-align-center-xs u-custom-font u-text u-text-palette-3-base u-text-2\" data-animation-name=\"lightSpeedIn\" data-animation-duration=\"1000\" data-animation-delay=\"0\" data-animation-direction=\"\">VACANCES AU MEILLEUR PRIX<\/p> <!-- vacanze al miglior prezzo -->\r\n            <div class=\"u-clearfix u-gutter-10 u-layout-wrap u-layout-wrap-1\">\r\n              <div class=\"u-layout\">\r\n                <div class=\"u-layout-row\">\r\n                        <div style=\"background-image: linear-gradient(0deg, rgba(0,0,0,0.25), rgba(0,0,0,0.25)), url('https:\/\/www.hotelpalazzigabicce.it\/wp-content\/uploads\/2022\/02\/2397130765-0.jpeg');\" class=\"u-align-left u-container-style u-image u-layout-cell u-left-cell u-shading u-size-20 u-size-20-md u-image-2\" src=\"\" data-image-width=\"1500\" data-image-height=\"1000\">\r\n                <div class=\"u-container-layout u-valign-top-md u-valign-top-sm u-valign-top-xs u-container-layout-1\" src=\"\">\r\n                  <h5 class=\"u-align-left u-custom-font u-res-move-started u-text u-text-body-alt-color u-text-font u-text-3\">OFFRE \u00ab\u00a0VACANCES EN FAMILLE\u00a0\u00bb                    <br>\r\n                  <\/h5>\r\n                  <h2 class=\"u-align-left-lg u-align-left-xl u-subtitle u-text u-text-4\" style='font-family: \"Shadows Into Light'\" >                    <br>\r\n                  <\/h2>\r\n                                    <a href=\"https:\/\/www.hotelpalazzigabicce.it\/fr\/offres\/offre-vacances-en-famille\/\"  title=\"OFFRE \u00ab\u00a0VACANCES EN FAMILLE\u00a0\u00bb\" class=\"u-align-left-lg u-align-left-xl u-btn u-button-style u-btn-1\">D\u00c9COUVREZ<\/a>\r\n                <\/div>\r\n              <\/div>\r\n                        <div style=\"background-image: linear-gradient(0deg, rgba(0,0,0,0.25), rgba(0,0,0,0.25)), url('https:\/\/www.hotelpalazzigabicce.it\/wp-content\/uploads\/2022\/02\/genitori-single.jpg');\" class=\"u-align-left u-container-style u-image u-layout-cell u-left-cell u-shading u-size-20 u-size-20-md u-image-2\" src=\"\" data-image-width=\"1500\" data-image-height=\"1000\">\r\n                <div class=\"u-container-layout u-valign-top-md u-valign-top-sm u-valign-top-xs u-container-layout-1\" src=\"\">\r\n                  <h5 class=\"u-align-left u-custom-font u-res-move-started u-text u-text-body-alt-color u-text-font u-text-3\">OFFRE \u00ab VOUS ET VOTRE ENFANTS \u00bb                    <br>\r\n                  <\/h5>\r\n                  <h2 class=\"u-align-left-lg u-align-left-xl u-subtitle u-text u-text-4\" style='font-family: \"Shadows Into Light'\" >Offre pour parents c\u00e9libataires et grands-parents avec leurs petits-enfants                    <br>\r\n                  <\/h2>\r\n                                    <a href=\"https:\/\/www.hotelpalazzigabicce.it\/fr\/offres\/offre-vous-et-votre-enfants\/\"  title=\"OFFRE \u00ab VOUS ET VOTRE ENFANTS \u00bb\" class=\"u-align-left-lg u-align-left-xl u-btn u-button-style u-btn-1\">D\u00c9COUVREZ<\/a>\r\n                <\/div>\r\n              <\/div>\r\n                        <div style=\"background-image: linear-gradient(0deg, rgba(0,0,0,0.25), rgba(0,0,0,0.25)), url('https:\/\/www.hotelpalazzigabicce.it\/wp-content\/uploads\/2022\/02\/genitori-single.jpg');\" class=\"u-align-left u-container-style u-image u-layout-cell u-left-cell u-shading u-size-20 u-size-20-md u-image-2\" src=\"\" data-image-width=\"1500\" data-image-height=\"1000\">\r\n                <div class=\"u-container-layout u-valign-top-md u-valign-top-sm u-valign-top-xs u-container-layout-1\" src=\"\">\r\n                  <h5 class=\"u-align-left u-custom-font u-res-move-started u-text u-text-body-alt-color u-text-font u-text-3\">OFFRE \u00ab\u00a0JUSTE VOUS ET LES ENFANTS\u00a0\u00bb                    <br>\r\n                  <\/h5>\r\n                  <h2 class=\"u-align-left-lg u-align-left-xl u-subtitle u-text u-text-4\" style='font-family: \"Shadows Into Light'\" >Offre pour les Parents C\u00e9libataires et les Grands-parents avec Petits-enfants                    <br>\r\n                  <\/h2>\r\n                                    <a href=\"https:\/\/www.hotelpalazzigabicce.it\/fr\/offres\/vous-et-les-enfants\/\"  title=\"OFFRE \u00ab\u00a0JUSTE VOUS ET LES ENFANTS\u00a0\u00bb\" class=\"u-align-left-lg u-align-left-xl u-btn u-button-style u-btn-1\">D\u00c9COUVREZ<\/a>\r\n                <\/div>\r\n              <\/div>\r\n                          <\/div>\r\n              <\/div>\r\n            <\/div>\r\n            \r\n                        \r\n            <!-- 243 italiano - 418 inglese - 454 francese - 491 tedesco -->\r\n                        <a href=\"https:\/\/www.hotelpalazzigabicce.it\/en\/offers-list\/\" class=\"u-active-none u-border-2 u-border-active-palette-1-base u-border-hover-palette-5-base u-border-palette-1-base u-btn u-btn-rectangle u-button-style u-hover-none u-none u-btn-4\">D\u00c9COUVREZ NOS OFFRES SP\u00c9CIALES<\/a>\r\n          <\/section>\r\n          \r\n<section>\r\n  <div>\r\n    <div>\r\n<\/div>\n      <\/div>\n    <\/section>\n    <section class=\"u-clearfix u-section-7\" id=\"carousel_ea4e\">\n      <div class=\"u-clearfix u-sheet u-valign-middle u-sheet-1\">\n        <div class=\"u-custom-php u-expanded-width u-custom-php-1\" ><div id=\"form\"><\/div>\n<section class=\"u-align-left u-clearfix u-valign-bottom offerte\" id=\"sec-af3c\">\n  <h1 class=\"u-align-center u-text u-text-1\">CONTACTEZ-NOUS<\/h1>\n  <p class=\"sottotitolo_corsivo u-align-center u-custom-font u-text u-text-palette-3-base u-text-2\" data-animation-name=\"lightSpeedIn\" data-animation-duration=\"1000\" data-animation-delay=\"0\" data-animation-direction=\"\"><\/p>\n  \n  <div class=\"u-clearfix u-gutter-10 u-layout-wrap u-layout-wrap-1\">\n    <div class=\"u-layout\">\n      <div class=\"u-layout-col\">\n        <div class=\"u-size-60\">\n          <div class=\"u-layout-row\">\n            <div class=\"u-align-left u-container-style u-layout-cell u-left-cell u-right-cell u-size-60 u-layout-cell-1\">\n              <div class=\"u-container-layout u-valign-top u-container-layout-1\">\n                \n                <!-- Container per il widget Scidoo -->\n                <div id=\"scidoo-form-container\"><\/div>\n                \n                                \n                <!-- Widget Scidoo per form contatti -->\n                 <script type=\"text\/javascript\" \n                  src=\"https:\/\/www.scidoo.com\/widget_contatti\/include_widget_contatti.js\" \n                  data-codice=\"1729\"\n                  data-lang=\"3\"\n                  data-tipologia-richiesta=\"0\"\n                  data-struttura=\"-1\"\n                  data-luogo=\"0\"\n                  data-container=\"scidoo-form-container\"\n                  data-testo-struttura=\"\"\n                  data-provenienza=\"0\"\n                  \n                  data-nota-preventivo=\"\"\n                  data-settore-specifico=\"0\"\n                  data-campi-obbligatori=\"1,2\">\n                <\/script>\n\n              <\/div>\n            <\/div>\n          <\/div>\n        <\/div>\n      <\/div>\n    <\/div>\n  <\/div>\n\n  <br>\n\n  <div class=\"u-expanded-width-lg u-expanded-width-md u-expanded-width-xl u-expanded-width-xs u-grey-light-2 u-map u-map-1\">\n    <div class=\"embed-responsive\">\n      <iframe class=\"embed-responsive-item\" src=\"https:\/\/www.google.com\/maps\/embed?pb=!1m14!1m8!1m3!1d1707.5350788151936!2d12.762047196101207!3d43.96515255874641!3m2!1i1024!2i768!4f13.1!3m3!1m2!1s0x0%3A0x64bf0278be2b6d4c!2sHotel%20Palazzi%20Gabicce%20Mare!5e0!3m2!1sit!2sit!4v1586332250418!5m2!1sit!2sit\"><\/iframe>\n    <\/div>\n  <\/div>\n  \n  <style>\n    #div_widget_contatti {\n      max-width: 100% !important;\n    }\n  <\/style>\n<\/section>\n<\/div>\n      <\/div>\n    <\/section>\n    \n    \n  \n","protected":false},"excerpt":{"rendered":"<p>Your browser does not support HTML5 video. FAMILLES \u00c0 GABICCE MARE Bandiera Blu et Bandiera Verde La baie de Gabicce Mare a re\u00e7u en 1987 le label BANDIERA BLU (drapeau bleu) pour la qualit\u00e9 et la propret\u00e9 de ses eaux et re\u00e7oit chaque ann\u00e9e depuis six ans la BANDIERA VERDE (drapeau vert), label attribu\u00e9 par<a class=\"moretag\" href=\"https:\/\/www.hotelpalazzigabicce.it\/fr\/offres\/vous-et-les-enfants\/\"> Leggi<\/a><\/p>\n","protected":false},"author":1,"featured_media":0,"parent":0,"menu_order":11,"comment_status":"closed","ping_status":"closed","template":"","meta":{"_acf_changed":false,"_monsterinsights_skip_tracking":false,"_monsterinsights_sitenote_active":false,"_monsterinsights_sitenote_note":"","_monsterinsights_sitenote_category":0,"footnotes":""},"class_list":["post-477","page","type-page","status-publish","hentry"],"acf":[],"_links":{"self":[{"href":"https:\/\/www.hotelpalazzigabicce.it\/fr\/wp-json\/wp\/v2\/pages\/477","targetHints":{"allow":["GET"]}}],"collection":[{"href":"https:\/\/www.hotelpalazzigabicce.it\/fr\/wp-json\/wp\/v2\/pages"}],"about":[{"href":"https:\/\/www.hotelpalazzigabicce.it\/fr\/wp-json\/wp\/v2\/types\/page"}],"author":[{"embeddable":true,"href":"https:\/\/www.hotelpalazzigabicce.it\/fr\/wp-json\/wp\/v2\/users\/1"}],"replies":[{"embeddable":true,"href":"https:\/\/www.hotelpalazzigabicce.it\/fr\/wp-json\/wp\/v2\/comments?post=477"}],"version-history":[{"count":4,"href":"https:\/\/www.hotelpalazzigabicce.it\/fr\/wp-json\/wp\/v2\/pages\/477\/revisions"}],"predecessor-version":[{"id":948,"href":"https:\/\/www.hotelpalazzigabicce.it\/fr\/wp-json\/wp\/v2\/pages\/477\/revisions\/948"}],"wp:attachment":[{"href":"https:\/\/www.hotelpalazzigabicce.it\/fr\/wp-json\/wp\/v2\/media?parent=477"}],"curies":[{"name":"wp","href":"https:\/\/api.w.org\/{rel}","templated":true}]}}