{"id":481,"date":"2022-03-04T17:39:22","date_gmt":"2022-03-04T17:39:22","guid":{"rendered":"https:\/\/kagency.it\/wordpress\/hotelpalazzi\/ristorante-copy\/"},"modified":"2023-02-16T15:36:34","modified_gmt":"2023-02-16T14:36:34","slug":"restaurant","status":"publish","type":"page","link":"https:\/\/www.hotelpalazzigabicce.it\/fr\/restaurant\/","title":{"rendered":"Ristorante"},"content":{"rendered":"\n    \n    <section class=\"u-align-center u-clearfix u-uploaded-video u-video u-section-2\" src=\"\" id=\"sec-aa62\">\n      <div class=\"u-background-video u-expanded\" style=\"\">\n        <div class=\"embed-responsive\">\n          <video class=\"embed-responsive-item\" data-autoplay=\"1\" loop=\"\" muted=\"\" autoplay=\"autoplay\" playsinline=\"\">\n            <source src=\"https:\/\/www.hotelpalazzigabicce.it\/wp-content\/uploads\/2022\/03\/ristorante_banner.mp4\" type=\"video\/mp4\">\n            <p>Your browser does not support HTML5 video.<\/p>\n          <\/video>\n        <\/div>\n      <\/div>\n      <div class=\"u-align-left u-clearfix u-sheet u-sheet-1\"><\/div>\n    <\/section>\n    <section class=\"u-clearfix u-expanded-width-lg u-expanded-width-xl u-section-3\" id=\"contenutofotosx\">\n      <img decoding=\"async\" src=\"https:\/\/www.hotelpalazzigabicce.it\/wp-content\/uploads\/2022\/02\/sfond-3.png\" alt=\"\" class=\"u-image u-image-default u-image-1\" data-image-width=\"800\" data-image-height=\"800\">\n      <div class=\"u-clearfix u-expanded-width-xs u-gutter-30 u-layout-wrap u-layout-wrap-1\">\n        <div class=\"u-layout\">\n          <div class=\"u-layout-row\">\n            <div class=\"u-container-style u-layout-cell u-left-cell u-size-30 u-layout-cell-1\">\n              <div class=\"u-container-layout\">\n                <div class=\"u-palette-1-light-2 u-shape u-shape-rectangle u-shape-1\"><\/div>\n                <img decoding=\"async\" src=\"https:\/\/www.hotelpalazzigabicce.it\/wp-content\/uploads\/2022\/03\/spaghetti-scoglio.jpg\" alt=\"\" class=\"u-image u-image-default u-image-2\" data-image-width=\"2560\" data-image-height=\"1701\">\n                <img decoding=\"async\" src=\"https:\/\/www.hotelpalazzigabicce.it\/wp-content\/uploads\/2022\/03\/cucina-tipica-locale.jpg\" alt=\"\" class=\"u-image u-image-default u-image-3\" data-image-width=\"400\" data-image-height=\"378\">\n              <\/div>\n            <\/div>\n            <div class=\"u-container-style u-layout-cell u-right-cell u-size-30 u-layout-cell-2\">\n              <div class=\"u-container-layout u-container-layout-2\">\n                <h1 class=\"u-align-left u-text u-text-palette-5-base u-text-1\">RESTAURANT<\/h1>\n                <p class=\"u-align-right u-custom-font u-text u-text-palette-3-base u-text-2\" data-animation-name=\"lightSpeedIn\" data-animation-duration=\"1000\" data-animation-delay=\"0\" data-animation-direction=\"\"> Les parfums de la mer et les saveurs du terroir<\/p>\n                <p class=\"u-align-left u-text u-text-3\"> Lors de vos vacances \u00e0 l\u2019Hotel Palazzi, vous pourrez appr\u00e9cier une <b>cuisine g\u00e9n\u00e9reuse<\/b> et savoureuse, confectionn\u00e9e sous l\u2019\u0153il du chef Oriano. <br>Des plats diff\u00e9rents chaque jour, du <b>poisson <\/b>tous les jours au d\u00e9jeuner et au d\u00eener, des ingr\u00e9dients sains et naturels avec une pinc\u00e9e de cr\u00e9ativit\u00e9 et de fantaisie. <br>Le midi et le soir, nous pr\u00e9parons un <b>buffet <\/b>de <b>l\u00e9gumes <\/b>et <b>d\u2019entr\u00e9es<\/b> fra\u00eeches et app\u00e9tissantes, r\u00e9guli\u00e8rement r\u00e9approvisionn\u00e9 tout au long du repas. <br>Vous pourrez d\u00e9guster vos repas confortablement install\u00e9s gr\u00e2ce \u00e0 notre service \u00e0 table, agr\u00e9able et \u00e9l\u00e9gant, tandis que vous consulterez notre carte des vins afin de choisir l\u2019accord id\u00e9al pour vos mets.<br>\n                <\/p>\n              <\/div>\n            <\/div>\n          <\/div>\n        <\/div>\n      <\/div>\n    <\/section>\n    <section class=\"u-clearfix u-section-4\" id=\"testodx\">\n      <div class=\"u-clearfix u-sheet u-valign-middle-lg u-valign-middle-md u-valign-middle-xl u-sheet-1\">\n        <div class=\"u-clearfix u-expanded-width u-layout-wrap u-layout-wrap-1\">\n          <div class=\"u-layout\">\n            <div class=\"u-layout-row\">\n              <div class=\"u-align-center-lg u-align-center-md u-align-center-sm u-align-center-xl u-container-style u-layout-cell u-left-cell u-palette-4-light-2 u-size-30 u-layout-cell-1\" src=\"\">\n                <div class=\"u-container-layout u-container-layout-1\">\n                  <img decoding=\"async\" class=\"u-border-no-bottom u-border-no-left u-border-no-right u-border-no-top u-expanded-width-md u-expanded-width-sm u-expanded-width-xs u-image u-image-1\" src=\"https:\/\/www.hotelpalazzigabicce.it\/wp-content\/uploads\/2023\/02\/LOR03702-scaled.jpg\" data-image-width=\"2560\" data-image-height=\"1707\">\n                <\/div>\n              <\/div>\n              <div class=\"u-align-left-lg u-align-left-md u-align-left-sm u-align-left-xl u-container-style u-layout-cell u-right-cell u-size-30 u-layout-cell-2\">\n                <div class=\"u-container-layout u-valign-bottom-lg u-valign-top-md u-valign-top-sm u-container-layout-2\">\n                  <h1 class=\"u-align-center-xs u-text u-text-palette-5-base u-text-1\"> SOIR\u00c9ES TRADITIONNELLES<\/h1>\n                  <p class=\"u-custom-font u-text u-text-default u-text-palette-3-base u-text-2\" data-animation-name=\"lightSpeedIn\" data-animation-duration=\"1000\" data-animation-delay=\"0\" data-animation-direction=\"\"> D\u00e9gustations de produits locaux<\/p>\n                  <p class=\"u-align-left-xs u-text u-text-3\"> Pour vous permettre de go\u00fbter au meilleur de notre terroir, l\u2019Hotel Palazzi organise chaque semaine une soir\u00e9e avec des <b>menus traditionnels de Romagne et des Marches<\/b>, ainsi qu\u2019un d\u00eener \u00e0 base de poisson brais\u00e9 en compagnie du ma\u00eetre-nageur.<br>\n                    <br>Les ingr\u00e9dients qui ne font jamais d\u00e9faut&nbsp;? Des produits frais, vari\u00e9s et authentiques, ainsi qu\u2019une passion sans limite.\n                  <\/p>\n                <\/div>\n              <\/div>\n            <\/div>\n          <\/div>\n        <\/div>\n      <\/div>\n    <\/section>\n    <section class=\"u-clearfix u-section-5\" id=\"testosx-1\">\n      <div class=\"u-clearfix u-sheet u-valign-middle-lg u-valign-middle-md u-valign-middle-xl u-sheet-1\">\n        <div class=\"u-clearfix u-expanded-width u-gutter-12 u-layout-wrap u-layout-wrap-1\">\n          <div class=\"u-layout\">\n            <div class=\"u-layout-row\">\n              <div class=\"u-container-style u-layout-cell u-left-cell u-palette-4-light-2 u-size-30 u-layout-cell-1\" src=\"\">\n                <div class=\"u-container-layout u-valign-middle-lg u-valign-top-sm u-valign-top-xs u-container-layout-1\">\n                  <img decoding=\"async\" class=\"u-border-no-bottom u-border-no-left u-border-no-right u-border-no-top u-expanded-width-md u-expanded-width-sm u-expanded-width-xs u-image u-image-1\" src=\"https:\/\/www.hotelpalazzigabicce.it\/wp-content\/uploads\/2022\/03\/gluten-free.jpg\" data-image-width=\"1076\" data-image-height=\"716\">\n                <\/div>\n              <\/div>\n              <div class=\"u-align-left u-container-style u-layout-cell u-right-cell u-size-30 u-layout-cell-2\">\n                <div class=\"u-container-layout u-valign-bottom-lg u-valign-top-md u-valign-top-sm u-container-layout-2\">\n                  <h1 class=\"u-text u-text-palette-5-base u-text-1\"> ALLERGIES<\/h1>\n                  <p class=\"u-custom-font u-text u-text-default u-text-palette-3-base u-text-2\" data-animation-name=\"lightSpeedIn\" data-animation-duration=\"1000\" data-animation-delay=\"0\" data-animation-direction=\"\"> et intol\u00e9rance au gluten<\/p>\n                  <p class=\"u-text u-text-3\"> Jouissant d\u2019une grande exp\u00e9rience dans la pr\u00e9paration de <b>PLATS SANS GLUTEN<\/b>, notre \u00e9quipe est \u00e0 votre disposition pour toute attention personnelle particuli\u00e8re. <br>Nous vous remercions de bien vouloir nous faire part de toute intol\u00e9rance lors de la r\u00e9servation, afin d\u2019assurer une gestion optimale de votre <b>s\u00e9jour<\/b>. <br>Nous tenons \u00e0 pr\u00e9ciser que notre \u00e9tablissement est dot\u00e9 d\u2019une unique cuisine (non certifi\u00e9e par l\u2019Association italienne pour la maladie c\u0153liaque), environnement par cons\u00e9quent potentiellement contaminable et contamin\u00e9 par des aliments contenant du <b>gluten<\/b>.\n                  <\/p>\n                <\/div>\n              <\/div>\n            <\/div>\n          <\/div>\n        <\/div>\n      <\/div>\n    <\/section>\n    <section class=\"my_hide u-clearfix u-section-6\" id=\"sec-6d2b\">\n      <div class=\"u-clearfix u-sheet u-valign-middle u-sheet-1\">\n        <div class=\"u-custom-php u-expanded-width u-custom-php-1\" ><\/div>\r\n<\/div>\r\n<\/section>\r\n\r\n                  <section class=\"u-clearfix my-u-section-4\" id=\"bloccoofferte\">\r\n            <img decoding=\"async\" src=\"https:\/\/www.hotelpalazzigabicce.it\/wp-content\/themes\/hotelpalazzi\/images\/sfond.png\" alt=\"\" class=\"u-flip-horizontal u-image u-image-default u-image-1\" data-image-width=\"800\" data-image-height=\"800\">\r\n            <h1 class=\"u-align-center u-text u-text-palette-5-base u-text-1\">OFFRES SP\u00c9CIALES<\/h1>\r\n            <p  style=\"text-transform:lowercase; font-family:'Shadows Into Light' !important; \" class=\"u-align-center-lg u-align-center-md u-align-center-xl u-align-center-xs u-custom-font u-text u-text-palette-3-base u-text-2\" data-animation-name=\"lightSpeedIn\" data-animation-duration=\"1000\" data-animation-delay=\"0\" data-animation-direction=\"\">VACANCES AU MEILLEUR PRIX<\/p> <!-- vacanze al miglior prezzo -->\r\n            <div class=\"u-clearfix u-gutter-10 u-layout-wrap u-layout-wrap-1\">\r\n              <div class=\"u-layout\">\r\n                <div class=\"u-layout-row\">\r\n                        <div style=\"background-image: linear-gradient(0deg, rgba(0,0,0,0.25), rgba(0,0,0,0.25)), url('https:\/\/www.hotelpalazzigabicce.it\/wp-content\/uploads\/2022\/02\/2397130765-0.jpeg');\" class=\"u-align-left u-container-style u-image u-layout-cell u-left-cell u-shading u-size-20 u-size-20-md u-image-2\" src=\"\" data-image-width=\"1500\" data-image-height=\"1000\">\r\n                <div class=\"u-container-layout u-valign-top-md u-valign-top-sm u-valign-top-xs u-container-layout-1\" src=\"\">\r\n                  <h5 class=\"u-align-left u-custom-font u-res-move-started u-text u-text-body-alt-color u-text-font u-text-3\">OFFRE \u00ab\u00a0VACANCES EN FAMILLE\u00a0\u00bb                    <br>\r\n                  <\/h5>\r\n                  <h2 class=\"u-align-left-lg u-align-left-xl u-subtitle u-text u-text-4\" style='font-family: \"Shadows Into Light'\" >                    <br>\r\n                  <\/h2>\r\n                                    <a href=\"https:\/\/www.hotelpalazzigabicce.it\/fr\/offres\/offre-vacances-en-famille\/\"  title=\"OFFRE \u00ab\u00a0VACANCES EN FAMILLE\u00a0\u00bb\" class=\"u-align-left-lg u-align-left-xl u-btn u-button-style u-btn-1\">D\u00c9COUVREZ<\/a>\r\n                <\/div>\r\n              <\/div>\r\n                        <div style=\"background-image: linear-gradient(0deg, rgba(0,0,0,0.25), rgba(0,0,0,0.25)), url('https:\/\/www.hotelpalazzigabicce.it\/wp-content\/uploads\/2022\/02\/genitori-single.jpg');\" class=\"u-align-left u-container-style u-image u-layout-cell u-left-cell u-shading u-size-20 u-size-20-md u-image-2\" src=\"\" data-image-width=\"1500\" data-image-height=\"1000\">\r\n                <div class=\"u-container-layout u-valign-top-md u-valign-top-sm u-valign-top-xs u-container-layout-1\" src=\"\">\r\n                  <h5 class=\"u-align-left u-custom-font u-res-move-started u-text u-text-body-alt-color u-text-font u-text-3\">OFFRE \u00ab VOUS ET VOTRE ENFANTS \u00bb                    <br>\r\n                  <\/h5>\r\n                  <h2 class=\"u-align-left-lg u-align-left-xl u-subtitle u-text u-text-4\" style='font-family: \"Shadows Into Light'\" >Offre pour parents c\u00e9libataires et grands-parents avec leurs petits-enfants                    <br>\r\n                  <\/h2>\r\n                                    <a href=\"https:\/\/www.hotelpalazzigabicce.it\/fr\/offres\/offre-vous-et-votre-enfants\/\"  title=\"OFFRE \u00ab VOUS ET VOTRE ENFANTS \u00bb\" class=\"u-align-left-lg u-align-left-xl u-btn u-button-style u-btn-1\">D\u00c9COUVREZ<\/a>\r\n                <\/div>\r\n              <\/div>\r\n                        <div style=\"background-image: linear-gradient(0deg, rgba(0,0,0,0.25), rgba(0,0,0,0.25)), url('https:\/\/www.hotelpalazzigabicce.it\/wp-content\/uploads\/2022\/02\/genitori-single.jpg');\" class=\"u-align-left u-container-style u-image u-layout-cell u-left-cell u-shading u-size-20 u-size-20-md u-image-2\" src=\"\" data-image-width=\"1500\" data-image-height=\"1000\">\r\n                <div class=\"u-container-layout u-valign-top-md u-valign-top-sm u-valign-top-xs u-container-layout-1\" src=\"\">\r\n                  <h5 class=\"u-align-left u-custom-font u-res-move-started u-text u-text-body-alt-color u-text-font u-text-3\">OFFRE \u00ab\u00a0JUSTE VOUS ET LES ENFANTS\u00a0\u00bb                    <br>\r\n                  <\/h5>\r\n                  <h2 class=\"u-align-left-lg u-align-left-xl u-subtitle u-text u-text-4\" style='font-family: \"Shadows Into Light'\" >Offre pour les Parents C\u00e9libataires et les Grands-parents avec Petits-enfants                    <br>\r\n                  <\/h2>\r\n                                    <a href=\"https:\/\/www.hotelpalazzigabicce.it\/fr\/offres\/vous-et-les-enfants\/\"  title=\"OFFRE \u00ab\u00a0JUSTE VOUS ET LES ENFANTS\u00a0\u00bb\" class=\"u-align-left-lg u-align-left-xl u-btn u-button-style u-btn-1\">D\u00c9COUVREZ<\/a>\r\n                <\/div>\r\n              <\/div>\r\n                          <\/div>\r\n              <\/div>\r\n            <\/div>\r\n            \r\n                        \r\n            <!-- 243 italiano - 418 inglese - 454 francese - 491 tedesco -->\r\n                        <a href=\"https:\/\/www.hotelpalazzigabicce.it\/en\/offers-list\/\" class=\"u-active-none u-border-2 u-border-active-palette-1-base u-border-hover-palette-5-base u-border-palette-1-base u-btn u-btn-rectangle u-button-style u-hover-none u-none u-btn-4\">D\u00c9COUVREZ NOS OFFRES SP\u00c9CIALES<\/a>\r\n          <\/section>\r\n          \r\n<section>\r\n  <div>\r\n    <div>\r\n<\/div>\n      <\/div>\n    <\/section>\n    <section class=\"u-clearfix u-section-7\" id=\"carousel_ea4e\">\n      <div class=\"u-clearfix u-sheet u-valign-middle u-sheet-1\">\n        <div class=\"u-custom-php u-expanded-width u-custom-php-1\" ><div id=\"form\"><\/div>\n<section class=\"u-align-left u-clearfix u-valign-bottom offerte\" id=\"sec-af3c\">\n  <h1 class=\"u-align-center u-text u-text-1\">CONTACTEZ-NOUS<\/h1>\n  <p class=\"sottotitolo_corsivo u-align-center u-custom-font u-text u-text-palette-3-base u-text-2\" data-animation-name=\"lightSpeedIn\" data-animation-duration=\"1000\" data-animation-delay=\"0\" data-animation-direction=\"\"><\/p>\n  \n  <div class=\"u-clearfix u-gutter-10 u-layout-wrap u-layout-wrap-1\">\n    <div class=\"u-layout\">\n      <div class=\"u-layout-col\">\n        <div class=\"u-size-60\">\n          <div class=\"u-layout-row\">\n            <div class=\"u-align-left u-container-style u-layout-cell u-left-cell u-right-cell u-size-60 u-layout-cell-1\">\n              <div class=\"u-container-layout u-valign-top u-container-layout-1\">\n                \n                <!-- Container per il widget Scidoo -->\n                <div id=\"scidoo-form-container\"><\/div>\n                \n                                \n                <!-- Widget Scidoo per form contatti -->\n                 <script type=\"text\/javascript\" \n                  src=\"https:\/\/www.scidoo.com\/widget_contatti\/include_widget_contatti.js\" \n                  data-codice=\"1729\"\n                  data-lang=\"3\"\n                  data-tipologia-richiesta=\"0\"\n                  data-struttura=\"-1\"\n                  data-luogo=\"0\"\n                  data-container=\"scidoo-form-container\"\n                  data-testo-struttura=\"\"\n                  data-provenienza=\"0\"\n                  \n                  data-nota-preventivo=\"\"\n                  data-settore-specifico=\"0\"\n                  data-campi-obbligatori=\"1,2\">\n                <\/script>\n\n              <\/div>\n            <\/div>\n          <\/div>\n        <\/div>\n      <\/div>\n    <\/div>\n  <\/div>\n\n  <br>\n\n  <div class=\"u-expanded-width-lg u-expanded-width-md u-expanded-width-xl u-expanded-width-xs u-grey-light-2 u-map u-map-1\">\n    <div class=\"embed-responsive\">\n      <iframe class=\"embed-responsive-item\" src=\"https:\/\/www.google.com\/maps\/embed?pb=!1m14!1m8!1m3!1d1707.5350788151936!2d12.762047196101207!3d43.96515255874641!3m2!1i1024!2i768!4f13.1!3m3!1m2!1s0x0%3A0x64bf0278be2b6d4c!2sHotel%20Palazzi%20Gabicce%20Mare!5e0!3m2!1sit!2sit!4v1586332250418!5m2!1sit!2sit\"><\/iframe>\n    <\/div>\n  <\/div>\n  \n  <style>\n    #div_widget_contatti {\n      max-width: 100% !important;\n    }\n  <\/style>\n<\/section>\n<\/div>\n      <\/div>\n    <\/section>\n    \n    \n  \n","protected":false},"excerpt":{"rendered":"<p>Your browser does not support HTML5 video. RESTAURANT Les parfums de la mer et les saveurs du terroir Lors de vos vacances \u00e0 l\u2019Hotel Palazzi, vous pourrez appr\u00e9cier une cuisine g\u00e9n\u00e9reuse et savoureuse, confectionn\u00e9e sous l\u2019\u0153il du chef Oriano. Des plats diff\u00e9rents chaque jour, du poisson tous les jours au d\u00e9jeuner et au d\u00eener, des<a class=\"moretag\" href=\"https:\/\/www.hotelpalazzigabicce.it\/fr\/offres\/vous-et-les-enfants\/\"> Leggi<\/a><\/p>\n","protected":false},"author":1,"featured_media":0,"parent":0,"menu_order":11,"comment_status":"closed","ping_status":"closed","template":"","meta":{"_acf_changed":false,"_monsterinsights_skip_tracking":false,"_monsterinsights_sitenote_active":false,"_monsterinsights_sitenote_note":"","_monsterinsights_sitenote_category":0,"footnotes":""},"class_list":["post-481","page","type-page","status-publish","hentry"],"acf":[],"_links":{"self":[{"href":"https:\/\/www.hotelpalazzigabicce.it\/fr\/wp-json\/wp\/v2\/pages\/481","targetHints":{"allow":["GET"]}}],"collection":[{"href":"https:\/\/www.hotelpalazzigabicce.it\/fr\/wp-json\/wp\/v2\/pages"}],"about":[{"href":"https:\/\/www.hotelpalazzigabicce.it\/fr\/wp-json\/wp\/v2\/types\/page"}],"author":[{"embeddable":true,"href":"https:\/\/www.hotelpalazzigabicce.it\/fr\/wp-json\/wp\/v2\/users\/1"}],"replies":[{"embeddable":true,"href":"https:\/\/www.hotelpalazzigabicce.it\/fr\/wp-json\/wp\/v2\/comments?post=481"}],"version-history":[{"count":4,"href":"https:\/\/www.hotelpalazzigabicce.it\/fr\/wp-json\/wp\/v2\/pages\/481\/revisions"}],"predecessor-version":[{"id":915,"href":"https:\/\/www.hotelpalazzigabicce.it\/fr\/wp-json\/wp\/v2\/pages\/481\/revisions\/915"}],"wp:attachment":[{"href":"https:\/\/www.hotelpalazzigabicce.it\/fr\/wp-json\/wp\/v2\/media?parent=481"}],"curies":[{"name":"wp","href":"https:\/\/api.w.org\/{rel}","templated":true}]}}