{"id":483,"date":"2022-03-04T17:39:55","date_gmt":"2022-03-04T17:39:55","guid":{"rendered":"https:\/\/kagency.it\/wordpress\/hotelpalazzi\/vacanza-sicura-copy\/"},"modified":"2022-03-10T10:15:41","modified_gmt":"2022-03-10T09:15:41","slug":"vacances-en-toute-securite","status":"publish","type":"page","link":"https:\/\/www.hotelpalazzigabicce.it\/fr\/vacances-en-toute-securite\/","title":{"rendered":"Vacanza sicura"},"content":{"rendered":"\n    \n    <section class=\"u-align-center u-clearfix u-image u-shading u-section-2\" src=\"\" id=\"banner\" data-image-width=\"1899\" data-image-height=\"726\" style=\"background-image: linear-gradient(0deg, rgba(0, 0, 0, 0.4), rgba(0, 0, 0, 0.4)), url(&quot;https:\/\/www.hotelpalazzigabicce.it\/wp-content\/uploads\/2022\/02\/Vacanza-Sicura.jpg&quot;);\">\n      <div class=\"u-clearfix u-sheet u-valign-middle u-sheet-1\">\n        <h1 class=\"u-text u-text-default u-title u-text-1\"> MESURES ANTI COVID-19<\/h1>\n        <p class=\"u-large-text u-text u-text-default u-text-variant u-text-2\"> VOTRE S\u00c9CURIT\u00c9 reste notre priorit\u00e9. Lire nos proc\u00e9dures d'assainissement et de pr\u00e9vention<\/p>\n      <\/div>\n    <\/section>\n    <section class=\"u-clearfix u-section-3\" id=\"contenutofotosx\">\n      <img decoding=\"async\" src=\"https:\/\/www.hotelpalazzigabicce.it\/wp-content\/uploads\/2022\/02\/sfond-3.png\" alt=\"\" class=\"u-image u-image-default u-image-1\" data-image-width=\"800\" data-image-height=\"800\">\n      <div class=\"u-clearfix u-expanded-width-xs u-gutter-30 u-layout-wrap u-layout-wrap-1\">\n        <div class=\"u-layout\">\n          <div class=\"u-layout-row\">\n            <div class=\"u-container-style u-layout-cell u-left-cell u-size-30 u-layout-cell-1\">\n              <div class=\"u-container-layout u-container-layout-1\">\n                <div class=\"u-palette-1-light-2 u-shape u-shape-rectangle u-shape-1\"><\/div>\n                <img decoding=\"async\" src=\"https:\/\/www.hotelpalazzigabicce.it\/wp-content\/uploads\/2022\/02\/mascherina.jpg\" alt=\"\" class=\"u-image u-image-default u-image-2\" data-image-width=\"512\" data-image-height=\"369\">\n                <img decoding=\"async\" src=\"https:\/\/www.hotelpalazzigabicce.it\/wp-content\/uploads\/2022\/02\/esercizi_tonificarsi_al_mare.jpg\" alt=\"\" class=\"u-image u-image-default u-image-3\" data-image-width=\"750\" data-image-height=\"505\">\n              <\/div>\n            <\/div>\n            <div class=\"u-container-style u-layout-cell u-right-cell u-size-30 u-layout-cell-2\">\n              <div class=\"u-container-layout u-container-layout-2\">\n                <h1 class=\"u-align-left u-text u-text-palette-5-base u-text-1\"> VACANCES EN TOUTE S\u00c9CURIT\u00c9<\/h1>\n                <p class=\"u-align-left u-text u-text-2\"> Une ann\u00e9e s\u2019est \u00e9coul\u00e9e depuis que la vie que nous connaissions s\u2019est vue remplac\u00e9e par une nouvelle \u00ab&nbsp;r\u00e9alit\u00e9&nbsp;\u00bb. La S\u00c9CURIT\u00c9 de nos clients reste toujours notre priorit\u00e9. <br>Nous d\u00e9sirons tous vous transmettre un sentiment de CONFIANCE totale, la m\u00eame que celle que vous ressentez chez vous, afin de vous permettre de profiter de vacances SEREINES et sans pr\u00e9occupation, seulement avec des PENS\u00c9ES POSITIVES.<br>\n                  <br> VOICI LES MESURES DE S\u00c9CURIT\u00c9 ANTI-COVID QUE NOUS ADOPTERONS CETTE ANN\u00c9E ENCORE AU SEIN DE NOTRE \u00c9TABLISSEMENT<br>\n                  <br>\n                <\/p>\n                <ul class=\"u-align-left u-text u-text-3\">\n                  <li> La formation de nos \u00e9quipes reste un aspect fondamental pour garantir le respect des r\u00e8gles de nettoyage et de d\u00e9sinfection;<\/li>\n                  <li> L\u2019utilisation correcte et constante des dispositifs de s\u00e9curit\u00e9 dans chaque espace;<br>\n                  <\/li>\n                  <li> Les parties communes, y compris les aires ext\u00e9rieures, sont nettoy\u00e9es et d\u00e9sinfect\u00e9es selon des protocoles bien pr\u00e9cis;<br>\n                  <\/li>\n                  <li> Vous trouverez \u00e0 chaque \u00e9tage des distributeurs de solutions d\u00e9sinfectantes;<\/li>\n                  <li> Partout, panneaux et affichages vous aideront \u00e0 vous rappeler des comportements \u00e0 suivre et des distances \u00e0 respecter. <br>Nous croyons au bon sens de chacun et sommes certains qu\u2019ensemble nous prendrons soin de respecter ces r\u00e8gles que nous connaissons d\u00e9sormais bien;<br>\n                  <\/li>\n                  <li> Faites votre check-in et check-out en toute s\u00e9curit\u00e9 gr\u00e2ce \u00e0 la possibilit\u00e9 de tout effectuer en ligne pour une meilleure distanciation.<br>\n                  <\/li>\n                <\/ul>\n                <p class=\"u-align-left u-text u-text-4\"> DANS LES CHAMBRES: NETTOYAGE et HYGI\u00c8NE sont depuis toujours parmi nos points forts. Les m\u00eames standards continueront d\u2019\u00eatre appliqu\u00e9s, de m\u00eame que les mesures anti-COVID de l\u2019an pass\u00e9:<br>\n                <\/p>\n                <ul class=\"u-align-left u-text u-text-5\">\n                  <li> Notre personnel acc\u00e8de aux chambres en \u00e9tant \u00e9quip\u00e9 de dispositifs de s\u00e9curit\u00e9 et de gants, lesquels sont remplac\u00e9s entre chaque chambre;<\/li>\n                  <li> Nous utilisons pour chaque surface des produits m\u00e9dicaux sp\u00e9cifiques, fournis par des entreprises certifi\u00e9es;<br>\n                  <\/li>\n                  <li> Pour chaque nouveau client, nous d\u00e9sinfectons la chambre avec des pulv\u00e9risateurs de peroxyde d\u2019hydrog\u00e8ne;<br>\n                  <\/li>\n                  <li> Vous \u00eates libres de b\u00e9n\u00e9ficier du service de nettoyage des chambres, ainsi que de sa fr\u00e9quence.<\/li>\n                <\/ul>\n              <\/div>\n            <\/div>\n          <\/div>\n        <\/div>\n      <\/div>\n    <\/section>\n    <section class=\"u-clearfix u-section-4\" id=\"testodx\">\n      <div class=\"u-clearfix u-sheet u-sheet-1\">\n        <div class=\"u-clearfix u-expanded-width u-layout-wrap u-layout-wrap-1\">\n          <div class=\"u-layout\">\n            <div class=\"u-layout-row\">\n              <div class=\"u-align-center-lg u-align-center-md u-align-center-sm u-align-center-xl u-container-style u-grey-5 u-layout-cell u-left-cell u-size-30 u-layout-cell-1\" src=\"\">\n                <div class=\"u-container-layout u-valign-middle u-container-layout-1\">\n                  <img decoding=\"async\" class=\"u-border-no-bottom u-border-no-left u-border-no-right u-border-no-top u-expanded-width-md u-expanded-width-sm u-expanded-width-xs u-image u-image-1\" src=\"https:\/\/www.hotelpalazzigabicce.it\/wp-content\/uploads\/2022\/02\/Chef-covid.jpg\" data-image-width=\"800\" data-image-height=\"449\">\n                <\/div>\n              <\/div>\n              <div class=\"u-container-style u-layout-cell u-right-cell u-size-30 u-layout-cell-2\">\n                <div class=\"u-container-layout u-valign-bottom-lg u-valign-top-md u-valign-top-sm u-container-layout-2\">\n                  <h1 class=\"u-align-left u-text u-text-palette-5-base u-text-1\"> RESTAURANT ET PLAGE<\/h1>\n                  <p class=\"u-align-right u-custom-font u-text u-text-palette-3-base u-text-2\" data-animation-name=\"lightSpeedIn\" data-animation-duration=\"1000\" data-animation-delay=\"0\" data-animation-direction=\"\"> spacieux <\/p>\n                  <p class=\"u-align-left u-text u-text-3\"> Nos employ\u00e9s savent sourire avec les yeux: leur joie et leur enthousiasme sauront vous toucher, m\u00eame \u00e0 travers les masques. Soyez-en certains!<\/p>\n                  <ul class=\"u-align-left u-text u-text-4\">\n                    <li>\n                      <span style=\"font-size: 1.25rem;\"> La grande taille de la salle de notre restaurant a rendu facile le respect des r\u00e8gles de distanciation entre les tables (tables et si\u00e8ges d\u00e9sinfect\u00e9s entre chaque service);<\/span>\n                    <\/li>\n                    <li>\n                      <span style=\"font-size: 1.25rem;\"> Il est possible pour qui le d\u00e9sire de demander un repas \u00e0 emporter \u00e0 consommer confortablement dans la chambre ou \u00e0 emporter dehors avec soi gr\u00e2ce \u00e0 notre formule Pique-nique;<br>\n                      <\/span>\n                    <\/li>\n                    <li>\n                      <span style=\"font-size: 1.25rem;\"> Toute la vaisselle est st\u00e9rilis\u00e9e entre chaque service;<br>\n                      <\/span>\n                    <\/li>\n                    <li>\n                      <span style=\"font-size: 1.25rem;\"> Notre buffet (tant aim\u00e9 et demand\u00e9 par nos clients) a \u00e9t\u00e9 maintenu avec succ\u00e8s;<br>\n                      <\/span>\n                    <\/li>\n                    <li>\n                      <span style=\"font-size: 1.25rem;\">Celui-ci est constamment r\u00e9approvisionn\u00e9 durant le service et est servi directement par notre \u00e9quipe pour \u00e9viter les contaminations et permettre \u00e0 tous nos clients d\u2019y acc\u00e9der en toute s\u00e9curit\u00e9 et \u00e0 distance des autres;<\/span>\n                    <\/li>\n                    <li>\n                      <span style=\"font-size: 1.25rem;\">Entr\u00e9es, plats et desserts seront servis \u00e0 table, comme toujours&nbsp;: chaque soir, nous passerons \u00e0 votre table pour vous montrer le menu du lendemain et prendre votre commande.<br>\n                      <\/span>\n                    <\/li>\n                  <\/ul>\n                <\/div>\n              <\/div>\n            <\/div>\n          <\/div>\n        <\/div>\n      <\/div>\n    <\/section>\n    <section class=\"u-clearfix u-section-5\" id=\"testosx-1\">\n      <div class=\"u-clearfix u-sheet u-valign-middle-lg u-valign-middle-md u-valign-middle-xl u-sheet-1\">\n        <div class=\"u-clearfix u-expanded-width u-gutter-12 u-layout-wrap u-layout-wrap-1\">\n          <div class=\"u-layout\">\n            <div class=\"u-layout-row\">\n              <div class=\"u-container-style u-grey-5 u-layout-cell u-left-cell u-size-30 u-layout-cell-1\" src=\"\">\n                <div class=\"u-container-layout u-valign-middle-lg u-valign-top-sm u-valign-top-xs u-container-layout-1\">\n                  <img decoding=\"async\" class=\"u-border-no-bottom u-border-no-left u-border-no-right u-border-no-top u-expanded-width-md u-expanded-width-sm u-expanded-width-xs u-image u-image-1\" src=\"https:\/\/www.hotelpalazzigabicce.it\/wp-content\/uploads\/2022\/02\/ragazzi-in-spiaggia.jpg\" data-image-width=\"800\" data-image-height=\"533\">\n                <\/div>\n              <\/div>\n              <div class=\"u-container-style u-layout-cell u-right-cell u-size-30 u-layout-cell-2\">\n                <div class=\"u-container-layout u-valign-top-md u-valign-top-sm u-container-layout-2\">\n                  <h1 class=\"u-align-left u-text u-text-palette-5-base u-text-1\">ENFANTS<\/h1>\n                  <p class=\"u-align-right u-custom-font u-text u-text-default u-text-palette-3-base u-text-2\" data-animation-name=\"lightSpeedIn\" data-animation-duration=\"1000\" data-animation-delay=\"0\" data-animation-direction=\"\"> en toute s\u00e9curit\u00e9<\/p>\n                  <p class=\"u-align-left u-text u-text-3\"> La<b> plage de Gabicce Mare<\/b> est tr\u00e8s grande et ne pr\u00e9sentera aucun probl\u00e8me pour placer \u00e0 distance les uns des autres <b>parasols <\/b>et <b>chaises longues<\/b>. Cela n\u2019en sera que plus confortable pour vous!<br>\n                    <br><b><\/b>ANIMATIONS ET AIRES DE JEUX<br>\n                    <br> Nous avons cr\u00e9\u00e9 une belle et spacieuse <b>salle de jeu<\/b> int\u00e9rieure, ainsi qu\u2019une aire de jeu dans le jardin <b>ext\u00e9rieur<\/b>. Une <b>baby-sitter<\/b> sera pr\u00e9sente pour divertir nos petits invit\u00e9s dans le respect des normes de s\u00e9curit\u00e9 et de distanciation. <br>Nous nous efforcerons de trouver de nouvelles mani\u00e8res d\u2019entrer dans le c\u0153ur de vos enfants tout en respectant les distances de s\u00e9curit\u00e9 (pour cela, nous demanderons un petit coup de main \u00e0 vous, parents). Nous ne manquons cependant pas d\u2019imagination et trouverons comme toujours le moyen de nous amuser ensemble. <br>Notre priorit\u00e9 absolue a toujours \u00e9t\u00e9 de vous proposer un <b>s\u00e9jour en toute s\u00e9r\u00e9nit\u00e9<\/b> qui puisse vous aider \u00e0 vous d\u00e9connecter du quotidien et \u00e0 vous d\u00e9tendre. <br>Nous vous attendons pour vous offrir les <b>vacances <\/b>que vous m\u00e9ritez, en toute s\u00e9curit\u00e9 et insouciance!\n                  <\/p>\n                <\/div>\n              <\/div>\n            <\/div>\n          <\/div>\n        <\/div>\n      <\/div>\n    <\/section>\n    <section class=\"my_hide u-clearfix u-section-6\" id=\"sec-6d2b\">\n      <div class=\"u-clearfix u-sheet u-valign-middle u-sheet-1\">\n        <div class=\"u-custom-php u-expanded-width u-custom-php-1\" ><\/div>\r\n<\/div>\r\n<\/section>\r\n\r\n                  <section class=\"u-clearfix my-u-section-4\" id=\"bloccoofferte\">\r\n            <img decoding=\"async\" src=\"https:\/\/www.hotelpalazzigabicce.it\/wp-content\/themes\/hotelpalazzi\/images\/sfond.png\" alt=\"\" class=\"u-flip-horizontal u-image u-image-default u-image-1\" data-image-width=\"800\" data-image-height=\"800\">\r\n            <h1 class=\"u-align-center u-text u-text-palette-5-base u-text-1\">OFFRES SP\u00c9CIALES<\/h1>\r\n            <p  style=\"text-transform:lowercase; font-family:'Shadows Into Light' !important; \" class=\"u-align-center-lg u-align-center-md u-align-center-xl u-align-center-xs u-custom-font u-text u-text-palette-3-base u-text-2\" data-animation-name=\"lightSpeedIn\" data-animation-duration=\"1000\" data-animation-delay=\"0\" data-animation-direction=\"\">VACANCES AU MEILLEUR PRIX<\/p> <!-- vacanze al miglior prezzo -->\r\n            <div class=\"u-clearfix u-gutter-10 u-layout-wrap u-layout-wrap-1\">\r\n              <div class=\"u-layout\">\r\n                <div class=\"u-layout-row\">\r\n                        <div style=\"background-image: linear-gradient(0deg, rgba(0,0,0,0.25), rgba(0,0,0,0.25)), url('https:\/\/www.hotelpalazzigabicce.it\/wp-content\/uploads\/2022\/02\/2397130765-0.jpeg');\" class=\"u-align-left u-container-style u-image u-layout-cell u-left-cell u-shading u-size-20 u-size-20-md u-image-2\" src=\"\" data-image-width=\"1500\" data-image-height=\"1000\">\r\n                <div class=\"u-container-layout u-valign-top-md u-valign-top-sm u-valign-top-xs u-container-layout-1\" src=\"\">\r\n                  <h5 class=\"u-align-left u-custom-font u-res-move-started u-text u-text-body-alt-color u-text-font u-text-3\">OFFRE \u00ab\u00a0VACANCES EN FAMILLE\u00a0\u00bb                    <br>\r\n                  <\/h5>\r\n                  <h2 class=\"u-align-left-lg u-align-left-xl u-subtitle u-text u-text-4\" style='font-family: \"Shadows Into Light'\" >                    <br>\r\n                  <\/h2>\r\n                                    <a href=\"https:\/\/www.hotelpalazzigabicce.it\/fr\/offres\/offre-vacances-en-famille\/\"  title=\"OFFRE \u00ab\u00a0VACANCES EN FAMILLE\u00a0\u00bb\" class=\"u-align-left-lg u-align-left-xl u-btn u-button-style u-btn-1\">D\u00c9COUVREZ<\/a>\r\n                <\/div>\r\n              <\/div>\r\n                        <div style=\"background-image: linear-gradient(0deg, rgba(0,0,0,0.25), rgba(0,0,0,0.25)), url('https:\/\/www.hotelpalazzigabicce.it\/wp-content\/uploads\/2022\/02\/genitori-single.jpg');\" class=\"u-align-left u-container-style u-image u-layout-cell u-left-cell u-shading u-size-20 u-size-20-md u-image-2\" src=\"\" data-image-width=\"1500\" data-image-height=\"1000\">\r\n                <div class=\"u-container-layout u-valign-top-md u-valign-top-sm u-valign-top-xs u-container-layout-1\" src=\"\">\r\n                  <h5 class=\"u-align-left u-custom-font u-res-move-started u-text u-text-body-alt-color u-text-font u-text-3\">OFFRE \u00ab VOUS ET VOTRE ENFANTS \u00bb                    <br>\r\n                  <\/h5>\r\n                  <h2 class=\"u-align-left-lg u-align-left-xl u-subtitle u-text u-text-4\" style='font-family: \"Shadows Into Light'\" >Offre pour parents c\u00e9libataires et grands-parents avec leurs petits-enfants                    <br>\r\n                  <\/h2>\r\n                                    <a href=\"https:\/\/www.hotelpalazzigabicce.it\/fr\/offres\/offre-vous-et-votre-enfants\/\"  title=\"OFFRE \u00ab VOUS ET VOTRE ENFANTS \u00bb\" class=\"u-align-left-lg u-align-left-xl u-btn u-button-style u-btn-1\">D\u00c9COUVREZ<\/a>\r\n                <\/div>\r\n              <\/div>\r\n                        <div style=\"background-image: linear-gradient(0deg, rgba(0,0,0,0.25), rgba(0,0,0,0.25)), url('https:\/\/www.hotelpalazzigabicce.it\/wp-content\/uploads\/2022\/02\/genitori-single.jpg');\" class=\"u-align-left u-container-style u-image u-layout-cell u-left-cell u-shading u-size-20 u-size-20-md u-image-2\" src=\"\" data-image-width=\"1500\" data-image-height=\"1000\">\r\n                <div class=\"u-container-layout u-valign-top-md u-valign-top-sm u-valign-top-xs u-container-layout-1\" src=\"\">\r\n                  <h5 class=\"u-align-left u-custom-font u-res-move-started u-text u-text-body-alt-color u-text-font u-text-3\">OFFRE \u00ab\u00a0JUSTE VOUS ET LES ENFANTS\u00a0\u00bb                    <br>\r\n                  <\/h5>\r\n                  <h2 class=\"u-align-left-lg u-align-left-xl u-subtitle u-text u-text-4\" style='font-family: \"Shadows Into Light'\" >Offre pour les Parents C\u00e9libataires et les Grands-parents avec Petits-enfants                    <br>\r\n                  <\/h2>\r\n                                    <a href=\"https:\/\/www.hotelpalazzigabicce.it\/fr\/offres\/vous-et-les-enfants\/\"  title=\"OFFRE \u00ab\u00a0JUSTE VOUS ET LES ENFANTS\u00a0\u00bb\" class=\"u-align-left-lg u-align-left-xl u-btn u-button-style u-btn-1\">D\u00c9COUVREZ<\/a>\r\n                <\/div>\r\n              <\/div>\r\n                          <\/div>\r\n              <\/div>\r\n            <\/div>\r\n            \r\n                        \r\n            <!-- 243 italiano - 418 inglese - 454 francese - 491 tedesco -->\r\n                        <a href=\"https:\/\/www.hotelpalazzigabicce.it\/en\/offers-list\/\" class=\"u-active-none u-border-2 u-border-active-palette-1-base u-border-hover-palette-5-base u-border-palette-1-base u-btn u-btn-rectangle u-button-style u-hover-none u-none u-btn-4\">D\u00c9COUVREZ NOS OFFRES SP\u00c9CIALES<\/a>\r\n          <\/section>\r\n          \r\n<section>\r\n  <div>\r\n    <div>\r\n<\/div>\n      <\/div>\n    <\/section>\n    <section class=\"u-clearfix u-section-7\" id=\"carousel_ea4e\">\n      <div class=\"u-clearfix u-sheet u-valign-middle u-sheet-1\">\n        <div class=\"u-custom-php u-expanded-width u-custom-php-1\" ><div id=\"form\"><\/div>\n<section class=\"u-align-left u-clearfix u-valign-bottom offerte\" id=\"sec-af3c\">\n  <h1 class=\"u-align-center u-text u-text-1\">CONTACTEZ-NOUS<\/h1>\n  <p class=\"sottotitolo_corsivo u-align-center u-custom-font u-text u-text-palette-3-base u-text-2\" data-animation-name=\"lightSpeedIn\" data-animation-duration=\"1000\" data-animation-delay=\"0\" data-animation-direction=\"\"><\/p>\n  \n  <div class=\"u-clearfix u-gutter-10 u-layout-wrap u-layout-wrap-1\">\n    <div class=\"u-layout\">\n      <div class=\"u-layout-col\">\n        <div class=\"u-size-60\">\n          <div class=\"u-layout-row\">\n            <div class=\"u-align-left u-container-style u-layout-cell u-left-cell u-right-cell u-size-60 u-layout-cell-1\">\n              <div class=\"u-container-layout u-valign-top u-container-layout-1\">\n                \n                <!-- Container per il widget Scidoo -->\n                <div id=\"scidoo-form-container\"><\/div>\n                \n                                \n                <!-- Widget Scidoo per form contatti -->\n                 <script type=\"text\/javascript\" \n                  src=\"https:\/\/www.scidoo.com\/widget_contatti\/include_widget_contatti.js\" \n                  data-codice=\"1729\"\n                  data-lang=\"3\"\n                  data-tipologia-richiesta=\"0\"\n                  data-struttura=\"-1\"\n                  data-luogo=\"0\"\n                  data-container=\"scidoo-form-container\"\n                  data-testo-struttura=\"\"\n                  data-provenienza=\"0\"\n                  \n                  data-nota-preventivo=\"\"\n                  data-settore-specifico=\"0\"\n                  data-campi-obbligatori=\"1,2\">\n                <\/script>\n\n              <\/div>\n            <\/div>\n          <\/div>\n        <\/div>\n      <\/div>\n    <\/div>\n  <\/div>\n\n  <br>\n\n  <div class=\"u-expanded-width-lg u-expanded-width-md u-expanded-width-xl u-expanded-width-xs u-grey-light-2 u-map u-map-1\">\n    <div class=\"embed-responsive\">\n      <iframe class=\"embed-responsive-item\" src=\"https:\/\/www.google.com\/maps\/embed?pb=!1m14!1m8!1m3!1d1707.5350788151936!2d12.762047196101207!3d43.96515255874641!3m2!1i1024!2i768!4f13.1!3m3!1m2!1s0x0%3A0x64bf0278be2b6d4c!2sHotel%20Palazzi%20Gabicce%20Mare!5e0!3m2!1sit!2sit!4v1586332250418!5m2!1sit!2sit\"><\/iframe>\n    <\/div>\n  <\/div>\n  \n  <style>\n    #div_widget_contatti {\n      max-width: 100% !important;\n    }\n  <\/style>\n<\/section>\n<\/div>\n      <\/div>\n    <\/section>\n    \n    \n  \n","protected":false},"excerpt":{"rendered":"<p>MESURES ANTI COVID-19 VOTRE S\u00c9CURIT\u00c9 reste notre priorit\u00e9. Lire nos proc\u00e9dures d&rsquo;assainissement et de pr\u00e9vention VACANCES EN TOUTE S\u00c9CURIT\u00c9 Une ann\u00e9e s\u2019est \u00e9coul\u00e9e depuis que la vie que nous connaissions s\u2019est vue remplac\u00e9e par une nouvelle \u00ab&nbsp;r\u00e9alit\u00e9&nbsp;\u00bb. La S\u00c9CURIT\u00c9 de nos clients reste toujours notre priorit\u00e9. Nous d\u00e9sirons tous vous transmettre un sentiment de CONFIANCE<a class=\"moretag\" href=\"https:\/\/www.hotelpalazzigabicce.it\/fr\/offres\/vous-et-les-enfants\/\"> Leggi<\/a><\/p>\n","protected":false},"author":1,"featured_media":0,"parent":0,"menu_order":11,"comment_status":"closed","ping_status":"closed","template":"","meta":{"_acf_changed":false,"_monsterinsights_skip_tracking":false,"_monsterinsights_sitenote_active":false,"_monsterinsights_sitenote_note":"","_monsterinsights_sitenote_category":0,"footnotes":""},"class_list":["post-483","page","type-page","status-publish","hentry"],"acf":[],"_links":{"self":[{"href":"https:\/\/www.hotelpalazzigabicce.it\/fr\/wp-json\/wp\/v2\/pages\/483","targetHints":{"allow":["GET"]}}],"collection":[{"href":"https:\/\/www.hotelpalazzigabicce.it\/fr\/wp-json\/wp\/v2\/pages"}],"about":[{"href":"https:\/\/www.hotelpalazzigabicce.it\/fr\/wp-json\/wp\/v2\/types\/page"}],"author":[{"embeddable":true,"href":"https:\/\/www.hotelpalazzigabicce.it\/fr\/wp-json\/wp\/v2\/users\/1"}],"replies":[{"embeddable":true,"href":"https:\/\/www.hotelpalazzigabicce.it\/fr\/wp-json\/wp\/v2\/comments?post=483"}],"version-history":[{"count":2,"href":"https:\/\/www.hotelpalazzigabicce.it\/fr\/wp-json\/wp\/v2\/pages\/483\/revisions"}],"predecessor-version":[{"id":490,"href":"https:\/\/www.hotelpalazzigabicce.it\/fr\/wp-json\/wp\/v2\/pages\/483\/revisions\/490"}],"wp:attachment":[{"href":"https:\/\/www.hotelpalazzigabicce.it\/fr\/wp-json\/wp\/v2\/media?parent=483"}],"curies":[{"name":"wp","href":"https:\/\/api.w.org\/{rel}","templated":true}]}}